{"id":228,"date":"2024-11-26T11:20:47","date_gmt":"2024-11-26T10:20:47","guid":{"rendered":"https:\/\/chaire-eau06.imredd.fr\/conditions-generales\/"},"modified":"2026-04-02T09:52:21","modified_gmt":"2026-04-02T07:52:21","slug":"legal-information","status":"publish","type":"page","link":"https:\/\/imredd.fr\/en\/mentions-legales\/","title":{"rendered":"Legal information"},"content":{"rendered":"<p><!-- This legal document was generated by Complianz Terms &amp; Conditions https:\/\/wordpress.org\/plugins\/complianz-terms-conditions --><\/p>\n<div id=\"cmplz-document\" class=\"cmplz-document cmplz-terms-conditions\">\n<p><i>The General Terms and Conditions were last updated on 26 November 2024.<\/i><\/p>\n<div class=\"paragraph-container paragraphe--2\" title=\"Style 2\">\n<h2 class=\"paragraphe__titre paragraphe__titre--2\">Intellectual property<\/h2>\n<div class=\"paragraphe__contenu paragraphe__contenu--2\">\n<p>The entire content of this website is subject to French and international legislation on intellectual property. The texts, images, photographs, sound sequences and videos published on the site are protected by intellectual property rights and are the property of Universit\u00e9 C\u00f4te d'Azur.<\/p>\n<h2>Reproduction<\/h2>\n<p>Reproduction for advertising or commercial purposes is not permitted.<\/p>\n<\/div>\n<\/div>\n<div class=\"paragraph-container paragraphe--2\" title=\"Style 2\">\n<div class=\"paragraphe__contenu paragraphe__contenu--2\">\n<p>Reproduction, on paper or electronically, of all or part of the site is authorised provided that it is strictly reserved for personal use and complies with the provisions of article L122-5 of the French Intellectual Property Code.<\/p>\n<p>Electronic reproduction of all or part of the site is authorised, subject to the mention \u00abrights reserved\u00bb and the addition of the source (imredd.fr). However, this authorisation does not apply to sites of a pornographic, xenophobic or polemical nature, or to sites that may offend the sensibilities of a large number of people.<\/p>\n<p>Reproduction on paper of all or part of the site is authorised, provided that the integrity of the data reproduced is respected (no alteration or modification), that distribution is free of charge and that the imredd.fr site is explicitly cited as the source, mentioning that reproduction rights are reserved and limited.<br \/>\nInfringement of any of these exploitation rights constitutes an infringement offence for which the infringer may be held civilly and criminally liable.<\/p>\n<h2>Hypertext links<\/h2>\n<p>The IMREDD \u2013 Universit\u00e9 C\u00f4te d\u2019Azur website authorises any other website or digital medium to cite it or set up a hypertext link pointing to its homepage or one of the pages on the site (imredd.fr), provided that access to the pages containing the links to the IMREDD site is free and that the documents reproduced are respected in their entirety.<\/p>\n<\/div>\n<\/div>\n<div class=\"paragraph-container paragraphe--2\" title=\"Style 2\">\n<div class=\"paragraphe__contenu paragraphe__contenu--2\">\n<p>IMREDD - Universit\u00e9 C\u00f4te d'Azur reserves the right to request the removal of any link that it considers to be inconsistent with its editorial policy.<\/p>\n<p>Insofar as IMREDD - Universit\u00e9 C\u00f4te d'Azur cannot control these external sites and sources, the existence of such hypertext links between the imredd.fr site and third-party sites does not mean that IMREDD - Universit\u00e9 C\u00f4te d'Azur assumes any responsibility whatsoever for their content or the use that may be made of them.<\/p>\n<h2>Biscuits<\/h2>\n<p>During visits to the site, cookies may be installed automatically and stored temporarily on the hard disk.<\/p>\n<\/div>\n<\/div>\n<div class=\"paragraph-container paragraphe--2\" title=\"Style 2\">\n<div class=\"paragraphe__contenu paragraphe__contenu--2\">\n<ul>\n<li>the portal sets cookies for visitors in order to optimise server performance, browsing speed and language preferences,<\/li>\n<li>the use of third-party services (analytics, social networks, video platforms, etc.) results in the creation of cookies that are independent of the portal.<\/li>\n<\/ul>\n<p>Cookies do not allow the user to be identified, but are used to facilitate site navigation, registration procedures and audience measurement.<br \/>\nUsers of the site may, however, disable the installation of cookies by modifying the settings in their browser software.<\/p>\n<h3>Statistical monitoring<\/h3>\n<p>This site uses Matomo Analytics for statistical tracking of visitors. If you wish to disable statistical tracking, uncheck the box below.<\/p>\n<p id=\"matomo_opted_out_intro\" style=\"display:none;\">Opt-out complete; your visits to this website will not be recorded by the Web Analytics tool. Note that if you clear your cookies, delete the opt-out cookie, or if you change computers or web browsers, you will need to perform the opt-out procedure again.<\/p><p id=\"matomo_opted_in_intro\" >You may choose to prevent this website from aggregating and analyzing the actions you take here. Doing so will protect your privacy, but will also prevent the owner from learning from your actions and creating a better experience for you and other users.<\/p><form action=\"\">\n        <input type=\"checkbox\" id=\"matomo_optout_checkbox\" checked=\"checked\"\/>\n        <label for=\"matomo_optout_checkbox\"><strong>\n        <span id=\"matomo_opted_in_label\" >You are not opted out. Uncheck this box to opt-out.<\/span>\n\t\t<span id=\"matomo_opted_out_label\" style=\"display:none;\">You are currently opted out. Tick this box to opt-in.<\/span>\n        <\/strong><\/label><input type=\"hidden\" name=\"trp-form-language\" value=\"en\"\/><\/form><noscript><p><strong style=\"color: #ff0000;\">This opt-out feature requires JavaScript.<\/strong><\/p><\/noscript><p id=\"matomo_outout_err_cookies\" style=\"display: none;\"><strong>The tracking opt-out feature requires cookies to be enabled.<\/strong><\/p>\n<p>&nbsp;<\/p>\n<h2>Protection of personal data<\/h2>\n<p>By virtue of legal obligations relating to the law of 6 August 2004 on the protection of individuals with regard to the processing of personal data, personal information is strictly confidential and may not be passed on to third parties without the user's knowledge. Data provided on the site, in particular via the contact form or for the newsletter, will not be divulged or used for purposes not intended by the site user.<\/p>\n<h2>Publication management<\/h2>\n<p>Emmanuel Tric, Director of IMREDD \u2013 Universit\u00e9 C\u00f4te d\u2019Azur.<\/p>\n<h2>Design<\/h2>\n<p>Events and Broadcasting Department<\/p>\n<\/div>\n<\/div>\n<div class=\"paragraph-container paragraphe--2\" title=\"Style 2\">\n<div class=\"paragraphe__contenu paragraphe__contenu--2\">\n<p>IMREDD - C\u00f4te d'Azur University<\/p>\n<\/div>\n<\/div>\n<div class=\"paragraph-container paragraphe--2\" title=\"Style 2\">\n<div class=\"paragraphe__contenu paragraphe__contenu--2\">\n<h3>Right of access and rectification<\/h3>\n<p>In accordance with Act 78-17 of 6 January 1978 on Data Processing, Data Files and Individual Liberties (article 34), persons in respect of whom personal data is collected have the right to access, modify, rectify and delete such data. This right may be exercised by contacting the webmaster at imredd.com@univ-cotedazur.fr.<\/p>\n<\/div>\n<\/div>\n<\/div>","protected":false},"excerpt":{"rendered":"<p>Les conditions g\u00e9n\u00e9rales ont \u00e9t\u00e9 mises \u00e0 jour pour la derni\u00e8re fois le 26 novembre 2024 Propri\u00e9t\u00e9 intellectuelle L\u2019ensemble des contenus de ce site Internet rel\u00e8ve de la l\u00e9gislation fran\u00e7aise et internationale sur la propri\u00e9t\u00e9 intellectuelle. Les textes, images, photographies, s\u00e9quences sonores et vid\u00e9os publi\u00e9s sur le site sont prot\u00e9g\u00e9s par les droits de propri\u00e9t\u00e9 [&hellip;]<\/p>\n","protected":false},"author":2,"featured_media":0,"parent":0,"menu_order":0,"comment_status":"closed","ping_status":"closed","template":"","meta":{"footnotes":""},"class_list":["post-228","page","type-page","status-publish","hentry","has-post-title","has-post-date","has-post-category","has-post-tag","has-post-comment","has-post-author",""],"yoast_head":"<!-- This site is optimized with the Yoast SEO Premium plugin v27.4 (Yoast SEO v27.4) - https:\/\/yoast.com\/product\/yoast-seo-premium-wordpress\/ -->\n<title>Mentions l\u00e9gales - IMREDD - Universit\u00e9 C\u00f4te d&#039;Azur<\/title>\n<meta name=\"robots\" content=\"index, follow, max-snippet:-1, max-image-preview:large, max-video-preview:-1\" \/>\n<link rel=\"canonical\" href=\"https:\/\/imredd.fr\/en\/legal-information\/\" \/>\n<meta property=\"og:locale\" content=\"en_GB\" \/>\n<meta property=\"og:type\" content=\"article\" \/>\n<meta property=\"og:title\" content=\"Mentions l\u00e9gales\" \/>\n<meta property=\"og:description\" content=\"Les conditions g\u00e9n\u00e9rales ont \u00e9t\u00e9 mises \u00e0 jour pour la derni\u00e8re fois le 26 novembre 2024 Propri\u00e9t\u00e9 intellectuelle L\u2019ensemble des contenus de ce site Internet rel\u00e8ve de la l\u00e9gislation fran\u00e7aise et internationale sur la propri\u00e9t\u00e9 intellectuelle. Les textes, images, photographies, s\u00e9quences sonores et vid\u00e9os publi\u00e9s sur le site sont prot\u00e9g\u00e9s par les droits de propri\u00e9t\u00e9 [&hellip;]\" \/>\n<meta property=\"og:url\" content=\"https:\/\/imredd.fr\/en\/legal-information\/\" \/>\n<meta property=\"og:site_name\" content=\"IMREDD - Universit\u00e9 C\u00f4te d&#039;Azur\" \/>\n<meta property=\"article:publisher\" content=\"http:\/\/facebook.com\/imredd.uca\" \/>\n<meta property=\"article:modified_time\" content=\"2026-04-02T07:52:21+00:00\" \/>\n<meta name=\"twitter:card\" content=\"summary_large_image\" \/>\n<meta name=\"twitter:label1\" content=\"Estimated reading time\" \/>\n\t<meta name=\"twitter:data1\" content=\"4 minutes\" \/>\n<script type=\"application\/ld+json\" class=\"yoast-schema-graph\">{\"@context\":\"https:\\\/\\\/schema.org\",\"@graph\":[{\"@type\":\"WebPage\",\"@id\":\"https:\\\/\\\/imredd.fr\\\/mentions-legales\\\/\",\"url\":\"https:\\\/\\\/imredd.fr\\\/mentions-legales\\\/\",\"name\":\"Mentions l\u00e9gales - IMREDD - Universit\u00e9 C\u00f4te d&#039;Azur\",\"isPartOf\":{\"@id\":\"https:\\\/\\\/imredd.fr\\\/#website\"},\"datePublished\":\"2024-11-26T10:20:47+00:00\",\"dateModified\":\"2026-04-02T07:52:21+00:00\",\"breadcrumb\":{\"@id\":\"https:\\\/\\\/imredd.fr\\\/mentions-legales\\\/#breadcrumb\"},\"inLanguage\":\"en-GB\",\"potentialAction\":[{\"@type\":\"ReadAction\",\"target\":[\"https:\\\/\\\/imredd.fr\\\/mentions-legales\\\/\"]}]},{\"@type\":\"BreadcrumbList\",\"@id\":\"https:\\\/\\\/imredd.fr\\\/mentions-legales\\\/#breadcrumb\",\"itemListElement\":[{\"@type\":\"ListItem\",\"position\":1,\"name\":\"Accueil\",\"item\":\"https:\\\/\\\/imredd.fr\\\/\"},{\"@type\":\"ListItem\",\"position\":2,\"name\":\"Mentions l\u00e9gales\"}]},{\"@type\":\"WebSite\",\"@id\":\"https:\\\/\\\/imredd.fr\\\/#website\",\"url\":\"https:\\\/\\\/imredd.fr\\\/\",\"name\":\"IMREDD - Universit\u00e9 C\u00f4te d'Azur\",\"description\":\"Institut M\u00e9diterran\u00e9en du Risque, de l&#039;Environnement et du D\u00e9veloppement Durable\",\"publisher\":{\"@id\":\"https:\\\/\\\/imredd.fr\\\/#organization\"},\"potentialAction\":[{\"@type\":\"SearchAction\",\"target\":{\"@type\":\"EntryPoint\",\"urlTemplate\":\"https:\\\/\\\/imredd.fr\\\/?s={search_term_string}\"},\"query-input\":{\"@type\":\"PropertyValueSpecification\",\"valueRequired\":true,\"valueName\":\"search_term_string\"}}],\"inLanguage\":\"en-GB\"},{\"@type\":\"Organization\",\"@id\":\"https:\\\/\\\/imredd.fr\\\/#organization\",\"name\":\"IMREDD - Institut M\u00e9diterran\u00e9en du Risque, de l'Environnement et du D\u00e9veloppement Durable\",\"url\":\"https:\\\/\\\/imredd.fr\\\/\",\"logo\":{\"@type\":\"ImageObject\",\"inLanguage\":\"en-GB\",\"@id\":\"https:\\\/\\\/imredd.fr\\\/#\\\/schema\\\/logo\\\/image\\\/\",\"url\":\"https:\\\/\\\/imredd.fr\\\/wp-content\\\/uploads\\\/2025\\\/07\\\/IMREDD-Logo-couleurs-transparent.png\",\"contentUrl\":\"https:\\\/\\\/imredd.fr\\\/wp-content\\\/uploads\\\/2025\\\/07\\\/IMREDD-Logo-couleurs-transparent.png\",\"width\":959,\"height\":164,\"caption\":\"IMREDD - Institut M\u00e9diterran\u00e9en du Risque, de l'Environnement et du D\u00e9veloppement Durable\"},\"image\":{\"@id\":\"https:\\\/\\\/imredd.fr\\\/#\\\/schema\\\/logo\\\/image\\\/\"},\"sameAs\":[\"http:\\\/\\\/facebook.com\\\/imredd.uca\",\"http:\\\/\\\/linkedin.com\\\/showcase\\\/imredd\"]}]}<\/script>\n<!-- \/ Yoast SEO Premium plugin. -->","yoast_head_json":{"title":"Legal notice - IMREDD - Universit\u00e9 C\u00f4te d'Azur","robots":{"index":"index","follow":"follow","max-snippet":"max-snippet:-1","max-image-preview":"max-image-preview:large","max-video-preview":"max-video-preview:-1"},"canonical":"https:\/\/imredd.fr\/en\/legal-information\/","og_locale":"en_GB","og_type":"article","og_title":"Mentions l\u00e9gales","og_description":"Les conditions g\u00e9n\u00e9rales ont \u00e9t\u00e9 mises \u00e0 jour pour la derni\u00e8re fois le 26 novembre 2024 Propri\u00e9t\u00e9 intellectuelle L\u2019ensemble des contenus de ce site Internet rel\u00e8ve de la l\u00e9gislation fran\u00e7aise et internationale sur la propri\u00e9t\u00e9 intellectuelle. Les textes, images, photographies, s\u00e9quences sonores et vid\u00e9os publi\u00e9s sur le site sont prot\u00e9g\u00e9s par les droits de propri\u00e9t\u00e9 [&hellip;]","og_url":"https:\/\/imredd.fr\/en\/legal-information\/","og_site_name":"IMREDD - Universit\u00e9 C\u00f4te d&#039;Azur","article_publisher":"http:\/\/facebook.com\/imredd.uca","article_modified_time":"2026-04-02T07:52:21+00:00","twitter_card":"summary_large_image","twitter_misc":{"Estimated reading time":"4 minutes"},"schema":{"@context":"https:\/\/schema.org","@graph":[{"@type":"WebPage","@id":"https:\/\/imredd.fr\/mentions-legales\/","url":"https:\/\/imredd.fr\/mentions-legales\/","name":"Legal notice - IMREDD - Universit\u00e9 C\u00f4te d'Azur","isPartOf":{"@id":"https:\/\/imredd.fr\/#website"},"datePublished":"2024-11-26T10:20:47+00:00","dateModified":"2026-04-02T07:52:21+00:00","breadcrumb":{"@id":"https:\/\/imredd.fr\/mentions-legales\/#breadcrumb"},"inLanguage":"en-GB","potentialAction":[{"@type":"ReadAction","target":["https:\/\/imredd.fr\/mentions-legales\/"]}]},{"@type":"BreadcrumbList","@id":"https:\/\/imredd.fr\/mentions-legales\/#breadcrumb","itemListElement":[{"@type":"ListItem","position":1,"name":"Accueil","item":"https:\/\/imredd.fr\/"},{"@type":"ListItem","position":2,"name":"Mentions l\u00e9gales"}]},{"@type":"WebSite","@id":"https:\/\/imredd.fr\/#website","url":"https:\/\/imredd.fr\/","name":"IMREDD - C\u00f4te d'Azur University","description":"Mediterranean Institute for Risk, Environment and Sustainable Development","publisher":{"@id":"https:\/\/imredd.fr\/#organization"},"potentialAction":[{"@type":"SearchAction","target":{"@type":"EntryPoint","urlTemplate":"https:\/\/imredd.fr\/?s={search_term_string}"},"query-input":{"@type":"PropertyValueSpecification","valueRequired":true,"valueName":"search_term_string"}}],"inLanguage":"en-GB"},{"@type":"Organization","@id":"https:\/\/imredd.fr\/#organization","name":"IMREDD - Mediterranean Institute for Risk, Environment and Sustainable Development","url":"https:\/\/imredd.fr\/","logo":{"@type":"ImageObject","inLanguage":"en-GB","@id":"https:\/\/imredd.fr\/#\/schema\/logo\/image\/","url":"https:\/\/imredd.fr\/wp-content\/uploads\/2025\/07\/IMREDD-Logo-couleurs-transparent.png","contentUrl":"https:\/\/imredd.fr\/wp-content\/uploads\/2025\/07\/IMREDD-Logo-couleurs-transparent.png","width":959,"height":164,"caption":"IMREDD - Institut M\u00e9diterran\u00e9en du Risque, de l'Environnement et du D\u00e9veloppement Durable"},"image":{"@id":"https:\/\/imredd.fr\/#\/schema\/logo\/image\/"},"sameAs":["http:\/\/facebook.com\/imredd.uca","http:\/\/linkedin.com\/showcase\/imredd"]}]}},"_links":{"self":[{"href":"https:\/\/imredd.fr\/en\/wp-json\/wp\/v2\/pages\/228","targetHints":{"allow":["GET"]}}],"collection":[{"href":"https:\/\/imredd.fr\/en\/wp-json\/wp\/v2\/pages"}],"about":[{"href":"https:\/\/imredd.fr\/en\/wp-json\/wp\/v2\/types\/page"}],"author":[{"embeddable":true,"href":"https:\/\/imredd.fr\/en\/wp-json\/wp\/v2\/users\/2"}],"replies":[{"embeddable":true,"href":"https:\/\/imredd.fr\/en\/wp-json\/wp\/v2\/comments?post=228"}],"version-history":[{"count":6,"href":"https:\/\/imredd.fr\/en\/wp-json\/wp\/v2\/pages\/228\/revisions"}],"predecessor-version":[{"id":27129,"href":"https:\/\/imredd.fr\/en\/wp-json\/wp\/v2\/pages\/228\/revisions\/27129"}],"wp:attachment":[{"href":"https:\/\/imredd.fr\/en\/wp-json\/wp\/v2\/media?parent=228"}],"curies":[{"name":"wp","href":"https:\/\/api.w.org\/{rel}","templated":true}]}}