{"id":25146,"date":"2025-07-29T17:56:48","date_gmt":"2025-07-29T15:56:48","guid":{"rendered":"https:\/\/imredd.fr\/offres-demploi-et-de-stage\/"},"modified":"2026-03-17T17:56:25","modified_gmt":"2026-03-17T16:56:25","slug":"job-and-internship-offers","status":"publish","type":"page","link":"https:\/\/imredd.fr\/en\/offres-demploi-et-de-stage\/","title":{"rendered":"Job and internship openings"},"content":{"rendered":"<!--themify_builder_content-->\n<div id=\"themify_builder_content-25146\" data-postid=\"25146\" class=\"themify_builder_content themify_builder_content-25146 themify_builder tf_clear\">\n                    <div  data-lazy=\"1\" class=\"module_row themify_builder_row tb_bb0a055 tb_first tf_w\">\n            <span  class=\"builder_row_cover tf_abs\" data-lazy=\"1\"><\/span>            <div class=\"row_inner col_align_top tb_col_count_1 tf_box tf_rel\">\n                        <div  data-lazy=\"1\" class=\"module_column tb-column col-full tb_26ad005 first\">\n                    <!-- module text -->\n<div  class=\"module module-text tb_g5fx007\" data-lazy=\"1\">\n        <div  class=\"tb_text_wrap\">\n        <h1>Job and internship openings<\/h1>    <\/div>\n<\/div>\n<!-- \/module text -->        <\/div>\n                        <\/div>\n        <\/div>\n                        <div  data-lazy=\"1\" class=\"module_row themify_builder_row tb_r1xe558 tf_w\">\n                        <div class=\"row_inner col_align_top tb_col_count_1 tf_box tf_rel\">\n                        <div  data-lazy=\"1\" class=\"module_column tb-column col-full tb_0n3n095 first\">\n                    <!-- Breadcrumbs module -->\n<div  class=\"module module-breadcrumbs tb_e5m7059\" data-lazy=\"1\">\n\t<nav role=\"navigation\" aria-label=\"Breadcrumbs\" class=\"tbp_breadcrumb_trail\"><ul class=\"tbp_trail_items\" itemscope itemtype=\"http:\/\/schema.org\/BreadcrumbList\"><meta name=\"numberOfItems\" content=\"1\" \/><meta name=\"itemListOrder\" content=\"Ascending\" \/><li itemprop=\"itemListElement\" itemscope itemtype=\"https:\/\/schema.org\/ListItem\" class=\"tbp_trail_item tbp_trail_end\"><a itemprop=\"item\" href=\"https:\/\/imredd.fr\/en\/\" rel=\"home\"><span itemprop=\"name\">Home<\/span><\/a><meta itemprop=\"position\" content=\"1\" \/><\/li><\/ul><\/nav><\/div><!-- \/Breadcrumbs module -->\n        <\/div>\n                        <\/div>\n        <\/div>\n                        <div  data-lazy=\"1\" class=\"module_row themify_builder_row tb_rjvd095 tf_w\">\n                        <div class=\"row_inner col_align_top tb_col_count_1 tf_box tf_rel\">\n                        <div  data-lazy=\"1\" class=\"module_column tb-column col-full tb_hyfd090 first\">\n                            <div  data-lazy=\"1\" class=\"module_subrow themify_builder_sub_row tf_w col_align_top tb_col_count_1 tb_ge39902\">\n                <div  data-lazy=\"1\" class=\"module_column sub_column col-full tb_55iy595 first\">\n                    <!-- module text -->\n<div  class=\"module module-text tb_8904550 title_line\" data-lazy=\"1\">\n        <div  class=\"tb_text_wrap\">\n        <h2>Current offers<\/h2>    <\/div>\n<\/div>\n<!-- \/module text -->        <\/div>\n                    <\/div>\n                <div  data-lazy=\"1\" class=\"module_subrow themify_builder_sub_row tf_w col_align_top tb_col_count_1 tb_fswl500\">\n                <div  data-lazy=\"1\" class=\"module_column sub_column col-full tb_odpd500 first\">\n                    <!-- advanced-posts module -->\n<div  class=\"module module-advanced-posts tb_arah752   themify_builder_content-arah752\" data-lazy=\"1\">\n\t\n\t\t\n\t\t<div  class=\"builder-posts-wrap loops-wrapper job_offer list-post classic tf_clear tf_clearfix\" data-lazy=\"1\">\n\n\t\t\t\n\t\t\t\n\t\t\t\t\n\t\t\t\t\n\t\t\t\t<article id=\"post-27076\" class=\"post tf_clearfix post-27076 job_offer type-job_offer status-publish hentry publicit_offre-offre-en-cours duree_contrat-1-an-renouvelable type_contrat-cdd type_contrat-titulaire has-post-title has-post-date has-post-category has-post-tag has-post-comment has-post-author\">\n\t\t\t\t\t    <div class=\"tbp_advanced_archive_wrap\">\n\t                <div  data-lazy=\"1\" class=\"module_row themify_builder_row tb_de9t434 tf_w\">\n                        <div class=\"row_inner col_align_top tb_col_count_1 tf_box tf_rel\">\n                        <div  data-lazy=\"1\" class=\"module_column tb-column tb_pdjl434 first\">\n                    <!-- Post Title module -->\n<div  class=\"module module-post-title tb_fge7434\" data-lazy=\"1\">\n\t<h3 class=\"tbp_title\">\n\t<a  href=\"http:\/\/imredd.fr\/wp-content\/uploads\/2026\/03\/2026-IMREDD01-Gestionnaire-administratif-et-financier-.pdf\" target=\"_blank\">\n\t\tAdministrative and Financial Manager\t\t<\/a>\n<\/h3><\/div>\n<!-- \/Post Title module -->\n        <div  data-lazy=\"1\" class=\"module_subrow themify_builder_sub_row tf_w col_align_top tb_col_count_3 tb_crse206\">\n                <div  data-lazy=\"1\" class=\"module_column sub_column col3-1 tb_s7ws207 first\">\n                    <!-- Post Meta module -->\n<div  class=\"module module-post-meta tb_y7uw875\" data-lazy=\"1\">\n\t\t<div class=\"entry-meta tbp_post_meta\">\n\t\t<span class=\"tbp_post_meta_item tbp_post_meta_terms\"><span class=\"tbp_post_meta_before\">Type: <\/span><span class=\"tbp_term_item\">Fixed-term contract<\/span><span class=\"tbp_term_sep\">, <\/span><span class=\"tbp_term_item\">Holder<\/span><\/span><!-- .tbp_post_meta_item -->\t<\/div><!-- .tbp_post_meta -->\n\n<\/div>\n<!-- \/Post Meta module -->\n<!-- Post Meta module -->\n<div  class=\"module module-post-meta tb_a6sw320\" data-lazy=\"1\">\n\t\t<div class=\"entry-meta tbp_post_meta\">\n\t\t<span class=\"tbp_post_meta_item tbp_post_meta_terms\"><span class=\"tbp_post_meta_before\">Duration: <\/span><span class=\"tbp_term_item\">One renewable year<\/span><\/span><!-- .tbp_post_meta_item -->\t<\/div><!-- .tbp_post_meta -->\n\n<\/div>\n<!-- \/Post Meta module -->\n        <\/div>\n                    <div  data-lazy=\"1\" class=\"module_column sub_column col3-1 tb_00dv207\">\n                    <!-- module text -->\n<div  class=\"module module-text tb_krgx859\" data-lazy=\"1\">\n        <div  class=\"tb_text_wrap\">\n        Application deadline:<\/br> 05\/04\/2026    <\/div>\n<\/div>\n<!-- \/module text -->        <\/div>\n                    <div  data-lazy=\"1\" class=\"module_column sub_column col3-1 tb_7ch2207 last\">\n                    <!-- module text -->\n<div  class=\"module module-text tb_u1jd372\" data-lazy=\"1\">\n        <div  class=\"tb_text_wrap\">\n        Desired start date:<\/br>May 2026    <\/div>\n<\/div>\n<!-- \/module text -->        <\/div>\n                    <\/div>\n                <\/div>\n                        <\/div>\n        <\/div>\n            <\/div>\n\t\t\t\t<\/article>\n\n\t\t\t\t\n\t\t\t\t\n\t\t\t\n\t\t\t\t\n\t\t\t\t\n\t\t\t\t<article id=\"post-25165\" class=\"post tf_clearfix post-25165 job_offer type-job_offer status-publish hentry publicit_offre-offre-en-cours duree_contrat-entre-2-et-6-mois type_contrat-stage has-post-title has-post-date has-post-category has-post-tag has-post-comment has-post-author\">\n\t\t\t\t\t    <div class=\"tbp_advanced_archive_wrap\">\n\t                <div  data-lazy=\"1\" class=\"module_row themify_builder_row tb_de9t434 tf_w\">\n                        <div class=\"row_inner col_align_top tb_col_count_1 tf_box tf_rel\">\n                        <div  data-lazy=\"1\" class=\"module_column tb-column tb_pdjl434 first\">\n                    <!-- Post Title module -->\n<div  class=\"module module-post-title tb_fge7434\" data-lazy=\"1\">\n\t<h3 class=\"tbp_title\">\n\t<a  href=\"https:\/\/imredd.fr\/wp-content\/uploads\/2025\/07\/2025_03_07-Offre-de-stage-Voies-de-valorisation-de-dechets-polymeres.pdf\" target=\"_blank\">\n\t\tInternship \u2013 Valorisation pathways for polymer waste from laboratories\t\t<\/a>\n<\/h3><\/div>\n<!-- \/Post Title module -->\n        <div  data-lazy=\"1\" class=\"module_subrow themify_builder_sub_row tf_w col_align_top tb_col_count_3 tb_crse206\">\n                <div  data-lazy=\"1\" class=\"module_column sub_column col3-1 tb_s7ws207 first\">\n                    <!-- Post Meta module -->\n<div  class=\"module module-post-meta tb_y7uw875\" data-lazy=\"1\">\n\t\t<div class=\"entry-meta tbp_post_meta\">\n\t\t<span class=\"tbp_post_meta_item tbp_post_meta_terms\"><span class=\"tbp_post_meta_before\">Type: <\/span><span class=\"tbp_term_item\">Stage<\/span><\/span><!-- .tbp_post_meta_item -->\t<\/div><!-- .tbp_post_meta -->\n\n<\/div>\n<!-- \/Post Meta module -->\n<!-- Post Meta module -->\n<div  class=\"module module-post-meta tb_a6sw320\" data-lazy=\"1\">\n\t\t<div class=\"entry-meta tbp_post_meta\">\n\t\t<span class=\"tbp_post_meta_item tbp_post_meta_terms\"><span class=\"tbp_post_meta_before\">Duration: <\/span><span class=\"tbp_term_item\">Between 2 and 6 months<\/span><\/span><!-- .tbp_post_meta_item -->\t<\/div><!-- .tbp_post_meta -->\n\n<\/div>\n<!-- \/Post Meta module -->\n        <\/div>\n                    <div  data-lazy=\"1\" class=\"module_column sub_column col3-1 tb_00dv207\">\n                    <!-- module text -->\n<div  class=\"module module-text tb_krgx859\" data-lazy=\"1\">\n        <div  class=\"tb_text_wrap\">\n        Application deadline:<\/br> 31\/05\/2025    <\/div>\n<\/div>\n<!-- \/module text -->        <\/div>\n                    <div  data-lazy=\"1\" class=\"module_column sub_column col3-1 tb_7ch2207 last\">\n                    <!-- module text -->\n<div  class=\"module module-text tb_u1jd372\" data-lazy=\"1\">\n        <div  class=\"tb_text_wrap\">\n        Desired start date:<\/br>April 2025    <\/div>\n<\/div>\n<!-- \/module text -->        <\/div>\n                    <\/div>\n                <\/div>\n                        <\/div>\n        <\/div>\n            <\/div>\n\t\t\t\t<\/article>\n\n\t\t\t\t\n\t\t\t\t\n\t\t\t\t\t\t\n\t\t<\/div><!-- .builder-posts-wrap -->\n\n\t\t\t\n<\/div><!-- \/advanced-posts module -->\n        <\/div>\n                    <\/div>\n                <\/div>\n                        <\/div>\n        <\/div>\n                        <div  data-lazy=\"1\" class=\"module_row themify_builder_row tb_jrpr505 tf_w\">\n                        <div class=\"row_inner col_align_top tb_col_count_1 tf_box tf_rel\">\n                        <div  data-lazy=\"1\" class=\"module_column tb-column col-full tb_8xmq505 first\">\n                            <div  data-lazy=\"1\" class=\"module_subrow themify_builder_sub_row tf_w col_align_top tb_col_count_1 tb_f3b7505\">\n                <div  data-lazy=\"1\" class=\"module_column sub_column col-full tb_42wd505 first\">\n                    <!-- module text -->\n<div  class=\"module module-text tb_rbr2505 title_line\" data-lazy=\"1\">\n        <div  class=\"tb_text_wrap\">\n        <h2>Offers provided<\/h2>    <\/div>\n<\/div>\n<!-- \/module text -->        <\/div>\n                    <\/div>\n                <div  data-lazy=\"1\" class=\"module_subrow themify_builder_sub_row tf_w col_align_top tb_col_count_1 tb_mxa7505\">\n                <div  data-lazy=\"1\" class=\"module_column sub_column col-full tb_hulk505 first\">\n                    <!-- advanced-posts module -->\n<div  class=\"module module-advanced-posts tb_wyai505   themify_builder_content-wyai505\" data-lazy=\"1\">\n\t\n\t\t\n\t\t<div  class=\"builder-posts-wrap loops-wrapper job_offer list-post classic tf_clear tf_clearfix\" data-lazy=\"1\">\n\n\t\t\t\n\t\t\t\n\t\t\t\t\n\t\t\t\t\n\t\t\t\t<article id=\"post-25144\" class=\"post tf_clearfix post-25144 job_offer type-job_offer status-publish hentry publicit_offre-offre-pourvue duree_contrat-1-an-renouvelable type_contrat-cdd has-post-title has-post-date has-post-category has-post-tag has-post-comment has-post-author\">\n\t\t\t\t\t    <div class=\"tbp_advanced_archive_wrap\">\n\t                <div  data-lazy=\"1\" class=\"module_row themify_builder_row tb_r12t505 tf_w\">\n                        <div class=\"row_inner col_align_top tb_col_count_1 tf_box tf_rel\">\n                        <div  data-lazy=\"1\" class=\"module_column tb-column tb_zlrw505 first\">\n                    <!-- Post Title module -->\n<div  class=\"module module-post-title tb_gknj505\" data-lazy=\"1\">\n\t<h3 class=\"tbp_title\">\n\t<a  href=\"https:\/\/imredd.fr\/wp-content\/uploads\/2025\/07\/2025-IMREDD03-Directeur-Directrice-administratif-et-financier-.pdf\" target=\"_blank\">\n\t\tFinance and Administration Director\t\t<\/a>\n<\/h3><\/div>\n<!-- \/Post Title module -->\n        <div  data-lazy=\"1\" class=\"module_subrow themify_builder_sub_row tf_w col_align_top tb_col_count_3 tb_9uww505\">\n                <div  data-lazy=\"1\" class=\"module_column sub_column col3-1 tb_7w3i505 first\">\n                    <!-- Post Meta module -->\n<div  class=\"module module-post-meta tb_8p95505\" data-lazy=\"1\">\n\t\t<div class=\"entry-meta tbp_post_meta\">\n\t\t<span class=\"tbp_post_meta_item tbp_post_meta_terms\"><span class=\"tbp_post_meta_before\">Type: <\/span><span class=\"tbp_term_item\">Fixed-term contract<\/span><\/span><!-- .tbp_post_meta_item --><span class=\"tbp_post_meta_item tbp_post_meta_terms\"><span class=\"tbp_post_meta_before\">Duration: <\/span><span class=\"tbp_term_item\">One renewable year<\/span><\/span><!-- .tbp_post_meta_item -->\t<\/div><!-- .tbp_post_meta -->\n\n<\/div>\n<!-- \/Post Meta module -->\n        <\/div>\n                    <div  data-lazy=\"1\" class=\"module_column sub_column col3-1 tb_34dp505\">\n                    <!-- module text -->\n<div  class=\"module module-text tb_dakt505\" data-lazy=\"1\">\n        <div  class=\"tb_text_wrap\">\n        Application deadline: 27\/03\/2025    <\/div>\n<\/div>\n<!-- \/module text -->        <\/div>\n                    <div  data-lazy=\"1\" class=\"module_column sub_column col3-1 tb_db7q505 last\">\n                    <!-- module text -->\n<div  class=\"module module-text tb_jvhx505\" data-lazy=\"1\">\n        <div  class=\"tb_text_wrap\">\n        Start date: Jun 2025    <\/div>\n<\/div>\n<!-- \/module text -->        <\/div>\n                    <\/div>\n                <\/div>\n                        <\/div>\n        <\/div>\n            <\/div>\n\t\t\t\t<\/article>\n\n\t\t\t\t\n\t\t\t\t\n\t\t\t\t\t\t\n\t\t<\/div><!-- .builder-posts-wrap -->\n\n\t\t\t\n<\/div><!-- \/advanced-posts module -->\n        <\/div>\n                    <\/div>\n                <\/div>\n                        <\/div>\n        <\/div>\n        <\/div>\n<!--\/themify_builder_content-->","protected":false},"excerpt":{"rendered":"<p>Offres d&#8217;emploi et de stage Offres en cours Offres pourvues Deux grandes th\u00e9matiques pour un objectif commun : la r\u00e9silience des territoires Territoires et d\u00e9fis socio-environnementaux Territoires et organisations face aux risques et aux catastrophes Ces axes structurent les Domaines d\u2019Activit\u00e9 Strat\u00e9giques de l\u2019IMREDD : risques, environnement, mobilit\u00e9, \u00e9nergie, int\u00e9grant les enjeux d\u2019\u00e9thique, de bien-\u00eatre, [&hellip;]<\/p>\n","protected":false},"author":2,"featured_media":25397,"parent":0,"menu_order":0,"comment_status":"closed","ping_status":"closed","template":"","meta":{"footnotes":""},"class_list":["post-25146","page","type-page","status-publish","has-post-thumbnail","hentry","has-post-title","has-post-date","has-post-category","has-post-tag","has-post-comment","has-post-author",""],"yoast_head":"<!-- This site is optimized with the Yoast SEO Premium plugin v27.4 (Yoast SEO v27.4) - https:\/\/yoast.com\/product\/yoast-seo-premium-wordpress\/ -->\n<title>Offres d&#039;emploi et de stage - IMREDD - Universit\u00e9 C\u00f4te d&#039;Azur<\/title>\n<meta name=\"robots\" content=\"index, follow, max-snippet:-1, max-image-preview:large, max-video-preview:-1\" \/>\n<link rel=\"canonical\" href=\"https:\/\/imredd.fr\/en\/job-and-internship-offers\/\" \/>\n<meta property=\"og:locale\" content=\"en_GB\" \/>\n<meta property=\"og:type\" content=\"article\" \/>\n<meta property=\"og:title\" content=\"Offres d&#039;emploi et de stage\" \/>\n<meta property=\"og:description\" content=\"Offres d&#8217;emploi et de stage Offres en cours Offres pourvues Deux grandes th\u00e9matiques pour un objectif commun : la r\u00e9silience des territoires Territoires et d\u00e9fis socio-environnementaux Territoires et organisations face aux risques et aux catastrophes Ces axes structurent les Domaines d\u2019Activit\u00e9 Strat\u00e9giques de l\u2019IMREDD : risques, environnement, mobilit\u00e9, \u00e9nergie, int\u00e9grant les enjeux d\u2019\u00e9thique, de bien-\u00eatre, [&hellip;]\" \/>\n<meta property=\"og:url\" content=\"https:\/\/imredd.fr\/en\/job-and-internship-offers\/\" \/>\n<meta property=\"og:site_name\" content=\"IMREDD - Universit\u00e9 C\u00f4te d&#039;Azur\" \/>\n<meta property=\"article:publisher\" content=\"http:\/\/facebook.com\/imredd.uca\" \/>\n<meta property=\"article:modified_time\" content=\"2026-03-17T16:56:25+00:00\" \/>\n<meta property=\"og:image\" content=\"https:\/\/imredd.fr\/wp-content\/uploads\/2025\/07\/job-1024x598-1.webp\" \/>\n\t<meta property=\"og:image:width\" content=\"1024\" \/>\n\t<meta property=\"og:image:height\" content=\"598\" \/>\n\t<meta property=\"og:image:type\" content=\"image\/webp\" \/>\n<meta name=\"twitter:card\" content=\"summary_large_image\" \/>\n<meta name=\"twitter:label1\" content=\"Estimated reading time\" \/>\n\t<meta name=\"twitter:data1\" content=\"1 minute\" \/>\n<script type=\"application\/ld+json\" class=\"yoast-schema-graph\">{\"@context\":\"https:\\\/\\\/schema.org\",\"@graph\":[{\"@type\":\"WebPage\",\"@id\":\"https:\\\/\\\/imredd.fr\\\/offres-demploi-et-de-stage\\\/\",\"url\":\"https:\\\/\\\/imredd.fr\\\/offres-demploi-et-de-stage\\\/\",\"name\":\"Offres d'emploi et de stage - IMREDD - Universit\u00e9 C\u00f4te d&#039;Azur\",\"isPartOf\":{\"@id\":\"https:\\\/\\\/imredd.fr\\\/#website\"},\"primaryImageOfPage\":{\"@id\":\"https:\\\/\\\/imredd.fr\\\/offres-demploi-et-de-stage\\\/#primaryimage\"},\"image\":{\"@id\":\"https:\\\/\\\/imredd.fr\\\/offres-demploi-et-de-stage\\\/#primaryimage\"},\"thumbnailUrl\":\"https:\\\/\\\/imredd.fr\\\/wp-content\\\/uploads\\\/2025\\\/07\\\/job-1024x598-1.webp\",\"datePublished\":\"2025-07-29T15:56:48+00:00\",\"dateModified\":\"2026-03-17T16:56:25+00:00\",\"breadcrumb\":{\"@id\":\"https:\\\/\\\/imredd.fr\\\/offres-demploi-et-de-stage\\\/#breadcrumb\"},\"inLanguage\":\"en-GB\",\"potentialAction\":[{\"@type\":\"ReadAction\",\"target\":[\"https:\\\/\\\/imredd.fr\\\/offres-demploi-et-de-stage\\\/\"]}]},{\"@type\":\"ImageObject\",\"inLanguage\":\"en-GB\",\"@id\":\"https:\\\/\\\/imredd.fr\\\/offres-demploi-et-de-stage\\\/#primaryimage\",\"url\":\"https:\\\/\\\/imredd.fr\\\/wp-content\\\/uploads\\\/2025\\\/07\\\/job-1024x598-1.webp\",\"contentUrl\":\"https:\\\/\\\/imredd.fr\\\/wp-content\\\/uploads\\\/2025\\\/07\\\/job-1024x598-1.webp\",\"width\":1024,\"height\":598},{\"@type\":\"BreadcrumbList\",\"@id\":\"https:\\\/\\\/imredd.fr\\\/offres-demploi-et-de-stage\\\/#breadcrumb\",\"itemListElement\":[{\"@type\":\"ListItem\",\"position\":1,\"name\":\"Accueil\",\"item\":\"https:\\\/\\\/imredd.fr\\\/\"},{\"@type\":\"ListItem\",\"position\":2,\"name\":\"Offres d&#8217;emploi et de stage\"}]},{\"@type\":\"WebSite\",\"@id\":\"https:\\\/\\\/imredd.fr\\\/#website\",\"url\":\"https:\\\/\\\/imredd.fr\\\/\",\"name\":\"IMREDD - Universit\u00e9 C\u00f4te d'Azur\",\"description\":\"Institut M\u00e9diterran\u00e9en du Risque, de l&#039;Environnement et du D\u00e9veloppement Durable\",\"publisher\":{\"@id\":\"https:\\\/\\\/imredd.fr\\\/#organization\"},\"potentialAction\":[{\"@type\":\"SearchAction\",\"target\":{\"@type\":\"EntryPoint\",\"urlTemplate\":\"https:\\\/\\\/imredd.fr\\\/?s={search_term_string}\"},\"query-input\":{\"@type\":\"PropertyValueSpecification\",\"valueRequired\":true,\"valueName\":\"search_term_string\"}}],\"inLanguage\":\"en-GB\"},{\"@type\":\"Organization\",\"@id\":\"https:\\\/\\\/imredd.fr\\\/#organization\",\"name\":\"IMREDD - Institut M\u00e9diterran\u00e9en du Risque, de l'Environnement et du D\u00e9veloppement Durable\",\"url\":\"https:\\\/\\\/imredd.fr\\\/\",\"logo\":{\"@type\":\"ImageObject\",\"inLanguage\":\"en-GB\",\"@id\":\"https:\\\/\\\/imredd.fr\\\/#\\\/schema\\\/logo\\\/image\\\/\",\"url\":\"https:\\\/\\\/imredd.fr\\\/wp-content\\\/uploads\\\/2025\\\/07\\\/IMREDD-Logo-couleurs-transparent.png\",\"contentUrl\":\"https:\\\/\\\/imredd.fr\\\/wp-content\\\/uploads\\\/2025\\\/07\\\/IMREDD-Logo-couleurs-transparent.png\",\"width\":959,\"height\":164,\"caption\":\"IMREDD - Institut M\u00e9diterran\u00e9en du Risque, de l'Environnement et du D\u00e9veloppement Durable\"},\"image\":{\"@id\":\"https:\\\/\\\/imredd.fr\\\/#\\\/schema\\\/logo\\\/image\\\/\"},\"sameAs\":[\"http:\\\/\\\/facebook.com\\\/imredd.uca\",\"http:\\\/\\\/linkedin.com\\\/showcase\\\/imredd\"]}]}<\/script>\n<!-- \/ Yoast SEO Premium plugin. -->","yoast_head_json":{"title":"Job and internship offers - IMREDD - Universit\u00e9 C\u00f4te d'Azur","robots":{"index":"index","follow":"follow","max-snippet":"max-snippet:-1","max-image-preview":"max-image-preview:large","max-video-preview":"max-video-preview:-1"},"canonical":"https:\/\/imredd.fr\/en\/job-and-internship-offers\/","og_locale":"en_GB","og_type":"article","og_title":"Offres d'emploi et de stage","og_description":"Offres d&#8217;emploi et de stage Offres en cours Offres pourvues Deux grandes th\u00e9matiques pour un objectif commun : la r\u00e9silience des territoires Territoires et d\u00e9fis socio-environnementaux Territoires et organisations face aux risques et aux catastrophes Ces axes structurent les Domaines d\u2019Activit\u00e9 Strat\u00e9giques de l\u2019IMREDD : risques, environnement, mobilit\u00e9, \u00e9nergie, int\u00e9grant les enjeux d\u2019\u00e9thique, de bien-\u00eatre, [&hellip;]","og_url":"https:\/\/imredd.fr\/en\/job-and-internship-offers\/","og_site_name":"IMREDD - Universit\u00e9 C\u00f4te d&#039;Azur","article_publisher":"http:\/\/facebook.com\/imredd.uca","article_modified_time":"2026-03-17T16:56:25+00:00","og_image":[{"width":1024,"height":598,"url":"https:\/\/imredd.fr\/wp-content\/uploads\/2025\/07\/job-1024x598-1.webp","type":"image\/webp"}],"twitter_card":"summary_large_image","twitter_misc":{"Estimated reading time":"1 minute"},"schema":{"@context":"https:\/\/schema.org","@graph":[{"@type":"WebPage","@id":"https:\/\/imredd.fr\/offres-demploi-et-de-stage\/","url":"https:\/\/imredd.fr\/offres-demploi-et-de-stage\/","name":"Job and internship offers - IMREDD - Universit\u00e9 C\u00f4te d'Azur","isPartOf":{"@id":"https:\/\/imredd.fr\/#website"},"primaryImageOfPage":{"@id":"https:\/\/imredd.fr\/offres-demploi-et-de-stage\/#primaryimage"},"image":{"@id":"https:\/\/imredd.fr\/offres-demploi-et-de-stage\/#primaryimage"},"thumbnailUrl":"https:\/\/imredd.fr\/wp-content\/uploads\/2025\/07\/job-1024x598-1.webp","datePublished":"2025-07-29T15:56:48+00:00","dateModified":"2026-03-17T16:56:25+00:00","breadcrumb":{"@id":"https:\/\/imredd.fr\/offres-demploi-et-de-stage\/#breadcrumb"},"inLanguage":"en-GB","potentialAction":[{"@type":"ReadAction","target":["https:\/\/imredd.fr\/offres-demploi-et-de-stage\/"]}]},{"@type":"ImageObject","inLanguage":"en-GB","@id":"https:\/\/imredd.fr\/offres-demploi-et-de-stage\/#primaryimage","url":"https:\/\/imredd.fr\/wp-content\/uploads\/2025\/07\/job-1024x598-1.webp","contentUrl":"https:\/\/imredd.fr\/wp-content\/uploads\/2025\/07\/job-1024x598-1.webp","width":1024,"height":598},{"@type":"BreadcrumbList","@id":"https:\/\/imredd.fr\/offres-demploi-et-de-stage\/#breadcrumb","itemListElement":[{"@type":"ListItem","position":1,"name":"Accueil","item":"https:\/\/imredd.fr\/"},{"@type":"ListItem","position":2,"name":"Offres d&#8217;emploi et de stage"}]},{"@type":"WebSite","@id":"https:\/\/imredd.fr\/#website","url":"https:\/\/imredd.fr\/","name":"IMREDD - C\u00f4te d'Azur University","description":"Mediterranean Institute for Risk, Environment and Sustainable Development","publisher":{"@id":"https:\/\/imredd.fr\/#organization"},"potentialAction":[{"@type":"SearchAction","target":{"@type":"EntryPoint","urlTemplate":"https:\/\/imredd.fr\/?s={search_term_string}"},"query-input":{"@type":"PropertyValueSpecification","valueRequired":true,"valueName":"search_term_string"}}],"inLanguage":"en-GB"},{"@type":"Organization","@id":"https:\/\/imredd.fr\/#organization","name":"IMREDD - Mediterranean Institute for Risk, Environment and Sustainable Development","url":"https:\/\/imredd.fr\/","logo":{"@type":"ImageObject","inLanguage":"en-GB","@id":"https:\/\/imredd.fr\/#\/schema\/logo\/image\/","url":"https:\/\/imredd.fr\/wp-content\/uploads\/2025\/07\/IMREDD-Logo-couleurs-transparent.png","contentUrl":"https:\/\/imredd.fr\/wp-content\/uploads\/2025\/07\/IMREDD-Logo-couleurs-transparent.png","width":959,"height":164,"caption":"IMREDD - Institut M\u00e9diterran\u00e9en du Risque, de l'Environnement et du D\u00e9veloppement Durable"},"image":{"@id":"https:\/\/imredd.fr\/#\/schema\/logo\/image\/"},"sameAs":["http:\/\/facebook.com\/imredd.uca","http:\/\/linkedin.com\/showcase\/imredd"]}]}},"_links":{"self":[{"href":"https:\/\/imredd.fr\/en\/wp-json\/wp\/v2\/pages\/25146","targetHints":{"allow":["GET"]}}],"collection":[{"href":"https:\/\/imredd.fr\/en\/wp-json\/wp\/v2\/pages"}],"about":[{"href":"https:\/\/imredd.fr\/en\/wp-json\/wp\/v2\/types\/page"}],"author":[{"embeddable":true,"href":"https:\/\/imredd.fr\/en\/wp-json\/wp\/v2\/users\/2"}],"replies":[{"embeddable":true,"href":"https:\/\/imredd.fr\/en\/wp-json\/wp\/v2\/comments?post=25146"}],"version-history":[{"count":5,"href":"https:\/\/imredd.fr\/en\/wp-json\/wp\/v2\/pages\/25146\/revisions"}],"predecessor-version":[{"id":27082,"href":"https:\/\/imredd.fr\/en\/wp-json\/wp\/v2\/pages\/25146\/revisions\/27082"}],"wp:featuredmedia":[{"embeddable":true,"href":"https:\/\/imredd.fr\/en\/wp-json\/wp\/v2\/media\/25397"}],"wp:attachment":[{"href":"https:\/\/imredd.fr\/en\/wp-json\/wp\/v2\/media?parent=25146"}],"curies":[{"name":"wp","href":"https:\/\/api.w.org\/{rel}","templated":true}]}}