{"id":26659,"date":"2026-01-12T17:08:11","date_gmt":"2026-01-12T16:08:11","guid":{"rendered":"https:\/\/imredd.fr\/a-propos\/production-scientifique\/"},"modified":"2026-01-20T16:50:21","modified_gmt":"2026-01-20T15:50:21","slug":"scientific-production","status":"publish","type":"page","link":"https:\/\/imredd.fr\/en\/a-propos\/production-scientifique\/","title":{"rendered":"Scientific production"},"content":{"rendered":"<!--themify_builder_content-->\n<div id=\"themify_builder_content-26659\" data-postid=\"26659\" class=\"themify_builder_content themify_builder_content-26659 themify_builder tf_clear\">\n                    <div  data-lazy=\"1\" class=\"module_row themify_builder_row tb_4a6r574 tb_first tf_w\">\n            <span  class=\"builder_row_cover tf_abs\" data-lazy=\"1\"><\/span>            <div class=\"row_inner col_align_top tb_col_count_1 tf_box tf_rel\">\n                        <div  data-lazy=\"1\" class=\"module_column tb-column col-full tb_d708700 first\">\n                    <!-- module text -->\n<div  class=\"module module-text tb_6qd6077\" data-lazy=\"1\">\n        <div  class=\"tb_text_wrap\">\n        <h1>Scientific production<\/h1>    <\/div>\n<\/div>\n<!-- \/module text -->        <\/div>\n                        <\/div>\n        <\/div>\n                        <div  data-lazy=\"1\" class=\"module_row themify_builder_row tb_tnp6552 tf_w\">\n                        <div class=\"row_inner col_align_top tb_col_count_1 tf_box tf_rel\">\n                        <div  data-lazy=\"1\" class=\"module_column tb-column col-full tb_7uxc203 first\">\n                    <!-- Breadcrumbs module -->\n<div  class=\"module module-breadcrumbs tb_ur2f275\" data-lazy=\"1\">\n\t<nav role=\"navigation\" aria-label=\"Breadcrumbs\" class=\"tbp_breadcrumb_trail\"><ul class=\"tbp_trail_items\" itemscope itemtype=\"http:\/\/schema.org\/BreadcrumbList\"><meta name=\"numberOfItems\" content=\"1\" \/><meta name=\"itemListOrder\" content=\"Ascending\" \/><li itemprop=\"itemListElement\" itemscope itemtype=\"https:\/\/schema.org\/ListItem\" class=\"tbp_trail_item tbp_trail_end\"><a itemprop=\"item\" href=\"https:\/\/imredd.fr\/en\/\" rel=\"home\"><span itemprop=\"name\">Home<\/span><\/a><meta itemprop=\"position\" content=\"1\" \/><\/li><\/ul><\/nav><\/div><!-- \/Breadcrumbs module -->\n        <\/div>\n                        <\/div>\n        <\/div>\n                        <div  data-lazy=\"1\" class=\"module_row themify_builder_row tb_rstx503 tf_w\">\n            <span  class=\"builder_row_cover tf_abs\" data-lazy=\"1\"><\/span>            <div class=\"row_inner col_align_top tb_col_count_1 tf_box tf_rel\">\n                        <div  data-lazy=\"1\" class=\"module_column tb-column col-full tb_jpnk503 first\">\n                            <div  data-lazy=\"1\" class=\"module_subrow themify_builder_sub_row tf_w col_align_top tb_col_count_1 tb_geiy503\">\n                <div  data-lazy=\"1\" class=\"module_column sub_column col-full tb_tyjv503 first\">\n                    <!-- module text -->\n<div  class=\"module module-text tb_wlah503 title_line\" data-lazy=\"1\">\n        <div  class=\"tb_text_wrap\">\n        <h2 data-start=\"275\" data-end=\"341\"><strong data-start=\"275\" data-end=\"339\">Scientific publications associated with IMREDD projects<\/strong><\/h2>    <\/div>\n<\/div>\n<!-- \/module text -->        <\/div>\n                    <\/div>\n                <div  data-lazy=\"1\" class=\"module_subrow themify_builder_sub_row tf_w col_align_middle tb_col_count_2 tb_3lwb503\">\n                <div  data-lazy=\"1\" class=\"module_column sub_column col4-2 tb_bcb9503 first\">\n                    <!-- module text -->\n<div  class=\"module module-text tb_44r2503\" data-lazy=\"1\">\n        <div  class=\"tb_text_wrap\">\n        <p>This page presents a selection of scientific publications associated with IMREDD projects. It brings together articles from journals, conferences and research reports, with direct access to the original publications and, where possible, free download files. The content can be filtered by project to make it easier to explore the work and put IMREDD's scientific output into perspective.<\/p>    <\/div>\n<\/div>\n<!-- \/module text -->        <\/div>\n                    <div  data-lazy=\"1\" class=\"module_column sub_column col4-2 tb_yglh503 last\">\n                    <!-- module image pro -->\n<div  class=\"module module-pro-image tb_as35503 filter- effect-   tf_textc   entrance-effect-fadeIn\" data-lazy=\"1\" data-entrance-effect=\"fadeIn\" data-exit-effect=\"fadeOut\" >\n\t\n    <div class=\"image-pro-wrap tf_rel tf_overflow tf_inline_b\">\n\t\t\t\t<div class=\"image-pro-flip-box-wrap tf_rel tf_w tf_overflow\">\n\t\t\t<div class=\"image-pro-flip-box tf_rel\">\n\n\t\t\t\t<img loading=\"lazy\" decoding=\"async\" width=\"2000\" height=\"1333\" src=\"https:\/\/imredd.fr\/wp-content\/uploads\/2025\/04\/IMREDD_facade_1_blue_skyv2.jpeg\" class=\"wp-post-image wp-image-529\" title=\"IMREDD_facade_1_blue_skyv2\" alt=\"IMREDD_facade_1_blue_skyv2\" srcset=\"https:\/\/imredd.fr\/wp-content\/uploads\/2025\/04\/IMREDD_facade_1_blue_skyv2.jpeg 2000w, https:\/\/imredd.fr\/wp-content\/uploads\/2025\/04\/IMREDD_facade_1_blue_skyv2-300x200.jpeg 300w, https:\/\/imredd.fr\/wp-content\/uploads\/2025\/04\/IMREDD_facade_1_blue_skyv2-1024x682.jpeg 1024w, https:\/\/imredd.fr\/wp-content\/uploads\/2025\/04\/IMREDD_facade_1_blue_skyv2-768x512.jpeg 768w, https:\/\/imredd.fr\/wp-content\/uploads\/2025\/04\/IMREDD_facade_1_blue_skyv2-1536x1024.jpeg 1536w\" sizes=\"auto, (max-width: 2000px) 100vw, 2000px\" \/>\n\t\t\t\t\n\t\t\t<\/div>\n\t\t<\/div>\n\n    <\/div><!-- .image-pro-wrap -->\n\n\t\n\t\n\t<\/div><!-- \/module image pro -->        <\/div>\n                    <\/div>\n                <\/div>\n                        <\/div>\n        <\/div>\n                        <div  data-lazy=\"1\" class=\"module_row themify_builder_row tb_bxfe70 tf_w\">\n                        <div class=\"row_inner col_align_top tb_col_count_1 tf_box tf_rel\">\n                        <div  data-lazy=\"1\" class=\"module_column tb-column col-full tb_f4os70 first\">\n                    <!-- module text -->\n<div  class=\"module module-text tb_tpfv194 title_line\" data-lazy=\"1\">\n        <div  class=\"tb_text_wrap\">\n        <h2 data-start=\"275\" data-end=\"341\"><strong data-start=\"275\" data-end=\"339\">HAL Collection - IMREDD<\/strong><\/h2>    <\/div>\n<\/div>\n<!-- \/module text --><!-- module text -->\n<div  class=\"module module-text tb_zl3f226\" data-lazy=\"1\">\n        <div  class=\"tb_text_wrap\">\n        <p>From 2018<\/p>\n    <\/div>\n<\/div>\n<!-- \/module text --><!-- module text -->\n<div  class=\"module module-text tb_nvjg635\" data-lazy=\"1\">\n        <div  class=\"tb_text_wrap\">\n        <div id=\"wphal-content\"><div id=\"meta\">\n        <div class=\"display\" id=\"wphal-contact\" style=\"display: none\">\n            <h3 class=\"wphal-titre\">Contact<\/h3>\n\n            <ul id=\"wphal-cont\" style=\"list-style-type: none\"><\/ul>\n        <\/div>\n        <div class=\"display\" id=\"wphal-disciplines\" style=\"display: none\">\n            <h3 class=\"wphal-titre\">Disciplines<\/h3><\/div>\n        <div class=\"display\" id=\"wphal-keywords\" style=\"display: none\">\n            <h3 class=\"wphal-titre\">Mots-clefs<\/h3><\/div>\n        <div class=\"display\" id=\"wphal-auteurs\" style=\"display: none\">\n            <h3 class=\"wphal-titre\">Auteurs<\/h3><\/div>\n        <div class=\"display\" id=\"wphal-affiliated\" style=\"display: none\">\n            <h3 class=\"wphal-titre\">Auteurs de la structure<\/h3><\/div>\n        <div class=\"display\" id=\"wphal-revues\" style=\"display: none\">\n            <h3 class=\"wphal-titre\">Revues<\/h3><\/div>\n        <div class=\"display\" id=\"wphal-annees\" style=\"display: none\">\n            <h3 class=\"wphal-titre\">Ann\u00e9e de production<\/h3><\/div>\n        <div class=\"display\" id=\"wphal-insts\" style=\"display: none\">\n            <h3 class=\"wphal-titre\">Institutions<\/h3><\/div>\n       <div class=\"display\" id=\"wphal-labs\" style=\"display: none\">\n            <h3 class=\"wphal-titre\">Laboratoires<\/h3><\/div>\n       <div class=\"display\" id=\"wphal-depts\" style=\"display: none\">\n            <h3 class=\"wphal-titre\">D\u00e9partements<\/h3><\/div>\n       <div class=\"display\" id=\"wphal-equipes\" style=\"display: none\">\n            <h3 class=\"wphal-titre\">\u00c9quipes de recherche<\/h3><\/div>\n    <div class=\"display\" id=\"publications\"><div class=\"counter-doc\"><span class=\"wphal-nbtot\">14 <\/span>documents<\/div><br><div class=\"grp-div\"><h3 class=\"wphal-titre-groupe\">Articles dans une revue<span class=\"wphal-nbmetadata\" style=\"margin-left:10px\">5 documents<\/span><\/h3><div class=\"grp-content\"><ul><li>Benoit Couraud, Merlinda Andoni, Valentin Robu, Sonam Norbu, Si Chen, et al. Responsive FLEXibility: A smart local energy system. <i>Renewable and Sustainable Energy Reviews<\/i>, 2023, 182, <a target=\"_blank\" href=\"https:\/\/dx.doi.org\/10.1016\/j.rser.2023.113343\">\u27e810.1016\/j.rser.2023.113343\u27e9<\/a>. <a target=\"_blank\" href=\"https:\/\/hal.science\/hal-04456787v1\">\u27e8hal-04456787\u27e9<\/a><\/li><li>Desen Kirli, Benoit Couraud, Valentin Robu, Marcelo Salgado-Bravo, Sonam Norbu, et al. Smart contracts in energy systems: A systematic review of fundamental approaches and implementations. <i>Renewable and Sustainable Energy Reviews<\/i>, 2022, 158, pp.112013. <a target=\"_blank\" href=\"https:\/\/dx.doi.org\/10.1016\/j.rser.2021.112013\">\u27e810.1016\/j.rser.2021.112013\u27e9<\/a>. <a target=\"_blank\" href=\"https:\/\/hal.science\/hal-03601399v1\">\u27e8hal-03601399\u27e9<\/a><\/li><li>Benoit Couraud, Merlinda Andoni, Valentin Robu, Sonam Norbu, David Flynn, et al. Real-Time Control of Distributed Batteries With Blockchain-Enabled Market Export Commitments. <i>IEEE Transactions on Sustainable Energy <\/i>, 2022, 13 (1), pp 579-591. <a target=\"_blank\" href=\"https:\/\/dx.doi.org\/10.1109\/TSTE.2021.3121444\">\u27e810.1109\/TSTE.2021.3121444\u27e9<\/a>. <a target=\"_blank\" href=\"https:\/\/hal.science\/hal-03601390v2\">\u27e8hal-03601390v2\u27e9<\/a><\/li><li>Gabriela Ramos Chagas, Gabriela Mor\u00e1n Cruz, Ga\u00ebl Giraudon-Colas, Farah Savina, Rachel M\u00e9allet-Renault, et al. Anti-bacterial and fluorescent properties of hydrophobic electrodeposited non-fluorinated polypyrenes. <i>Applied Surface Science<\/i>, 2018, 452, pp.352-363. <a target=\"_blank\" href=\"https:\/\/dx.doi.org\/10.1016\/j.apsusc.2018.04.268\">\u27e810.1016\/j.apsusc.2018.04.268\u27e9<\/a>. <a target=\"_blank\" href=\"https:\/\/hal.science\/hal-03554738v1\">\u27e8hal-03554738\u27e9<\/a><\/li><li>G. Mor\u00e1n, G. Ramos-Chagas, S. Hugelier, X. Xie, R. Boudjemaa, et al. Superhydrophobic polypyrene films to prevent Staphylococcus aureus and Pseudomonas aeruginosa biofilm adhesion on surfaces: high efficiency deciphered by fluorescence microscopy. <i>Photochemical &amp; Photobiological Sciences <\/i>, 2018, 17 (8), pp.1023-1035. <a target=\"_blank\" href=\"https:\/\/dx.doi.org\/10.1039\/C8PP00043C\">\u27e810.1039\/C8PP00043C\u27e9<\/a>. <a target=\"_blank\" href=\"https:\/\/hal.science\/hal-01978693v1\">\u27e8hal-01978693\u27e9<\/a><\/li><\/ul><\/div><\/div><br><div class=\"grp-div\"><h3 class=\"wphal-titre-groupe\">Communications dans un congr\u00e8s<span class=\"wphal-nbmetadata\" style=\"margin-left:10px\">5 documents<\/span><\/h3><div class=\"grp-content\"><ul><li>Cl\u00e9ment Quere, Aline Menin, Hui-Yin Wu, Paulo Moura, Marco Winckler. INSPIRE: An INcremental, SPatio-temporal and Immersive approach for Representing and Exploring mobility data. <i>CHItaly 2025 - 16th Biannual Conference of the Italian SIGCHI Chapter<\/i>, Oct 2025, Salerno, Italy. <a target=\"_blank\" href=\"https:\/\/dx.doi.org\/10.1145\/3750069.3750444\">\u27e810.1145\/3750069.3750444\u27e9<\/a>. <a target=\"_blank\" href=\"https:\/\/hal.science\/hal-05178219v2\">\u27e8hal-05178219v2\u27e9<\/a><\/li><li>Cl\u00e9ment Quere, Aline Menin, Eliezer Bernart, Carla Maria Dal Sasso Freitas, Luciana Nedel, et al. WristNotes: Detachable Menu for Annotations in Immersive Environments. <i>20th IFIP TC13 International Conference on Human-Computer Interaction (INTERACT 2025)<\/i>, Sep 2025, Belo Horizonte, Minas Gerais, Brazil. <a target=\"_blank\" href=\"https:\/\/hal.science\/hal-05155843v2\">\u27e8hal-05155843v2\u27e9<\/a><\/li><li>Benoit Couraud, Pierre-Jean Barre, Roberta Pennucci, Erwin Franquet, David Flynn, et al. Collecting French Smart Meter Data for Residential Flexibility. <i>IEEE, innovative Smart Grids Technologies<\/i>, IEEE, Oct 2023, Grenoble, France. <a target=\"_blank\" href=\"https:\/\/dx.doi.org\/10.1109\/ISGTEUROPE56780.2023.10408704\">\u27e810.1109\/ISGTEUROPE56780.2023.10408704\u27e9<\/a>. <a target=\"_blank\" href=\"https:\/\/hal.science\/hal-04456859v1\">\u27e8hal-04456859\u27e9<\/a><\/li><li>Emmanuel Souraud, R\u00e9mi M\u00e9jias. Presentation of UBIPLACE: Smart Vigie application. <i>MARALEX: Changes in the basins of the Alps,<\/i>, Academy 3, Jul 2023, Nice, France. <a target=\"_blank\" href=\"https:\/\/hal.science\/hal-04168558v1\">\u27e8hal-04168558\u27e9<\/a><\/li><li>Paulo Moura. PUMA-X: Universal Multi-Alert Platform. <i>MARALEX: Changes in the basins of the Alps<\/i>, Academy 3, Jul 2023, Nice, France. <a target=\"_blank\" href=\"https:\/\/hal.science\/hal-04168109v1\">\u27e8hal-04168109\u27e9<\/a><\/li><\/ul><\/div><\/div><br><div class=\"grp-div\"><h3 class=\"wphal-titre-groupe\">Poster de conf\u00e9rence<span class=\"wphal-nbmetadata\" style=\"margin-left:10px\">1 document<\/span><\/h3><div class=\"grp-content\"><ul><li>Damienne Provitolo, Patrick Ranarimahefa, Yann Rozier, Christian Pradier, Thomas Jobert, et al. Natural disaster and territorial resilience: the case of storm Alex (Oct 2020, Alpes-Maritimes). <i>Assises Nationales des Risques Natuels - Scientific Programme<\/i>, Oct 2025, Toulouse, France. 2025. <a target=\"_blank\" href=\"https:\/\/hal.science\/hal-05324810v1\">\u27e8hal-05324810\u27e9<\/a><\/li><\/ul><\/div><\/div><br><div class=\"grp-div\"><h3 class=\"wphal-titre-groupe\">Rapports<span class=\"wphal-nbmetadata\" style=\"margin-left:10px\">3 documents<\/span><\/h3><div class=\"grp-content\"><ul><li>Cristiano Iop Kruger, Alexandre Vasconcelos, Rafael Sasso, Paulo Moura. Relat\u00f3rio de Resultados de Pesquisa Setorial em Ciberseguran\u00e7a - ABRASCA e SDL. Universit\u00e9 Cote d'Azur; IMREDD. 2023, pp.60. <a target=\"_blank\" href=\"https:\/\/hal.science\/hal-04507334v1\">\u27e8hal-04507334\u27e9<\/a><\/li><li>Eliesh Sd, Aly Aya, Dochie Iona, Lizama Alejandra. THE SUPER-BLOCK OF TOMORROW: Assessing, Learning and Rethinking. Universite cote d'Azur. 2023, pp.89. <a target=\"_blank\" href=\"https:\/\/hal.science\/hal-05512690v1\">\u27e8hal-05512690\u27e9<\/a><\/li><li>Paulo Moura. Apresenta\u00e7\u00e3o dos parceiros Associa\u00e7\u00e3o dos Munic\u00edpios do Vale Europeu (AMVE) \u00e9 uma entidade que representa os munic\u00edpios localizados na regi\u00e3o do Vale Europeu, localizada no estado de Santa Catarina, Brasil. A AMVE's aim is to promote regional cooperation and development, seeking to integrate municipalities in areas such as infrastructure, urban planning, the environment, tourism and culture, among other areas of common interest. Atrav\u00e9s da AMVE, os munic\u00edpios do Vale Europeu podem trabalhar de forma conjunta em projetos e a\u00e7\u00f5es que visam o desenvolvimento sustent\u00e1vel e o fortalecimento da regi\u00e3o. Universite cote d'Azur. 2022. <a target=\"_blank\" href=\"https:\/\/hal.science\/hal-05096045v1\">\u27e8hal-05096045\u27e9<\/a><\/li><\/ul><\/div><\/div><br><\/div>\n    <\/div>\n<\/div><div class=\"wphal-footer\"><p style=\"color:#B3B2B0\">Documents r\u00e9cup\u00e9r\u00e9s de l'archive ouverte HAL&nbsp;<a href=\"https:\/\/hal.science\/\" target=\"_blank\"><img decoding=\"async\" alt=\"logo\" src=\"https:\/\/imredd.fr\/wp-content\/plugins\/hal\/img\/logo-hal.png\" style=\"width:90px\"><\/a><\/p><\/div>    <\/div>\n<\/div>\n<!-- \/module text -->        <\/div>\n                        <\/div>\n        <\/div>\n        <\/div>\n<!--\/themify_builder_content-->","protected":false},"excerpt":{"rendered":"<p>Production scientifique Publications scientifiques associ\u00e9es aux projets de l\u2019IMREDD Cette page pr\u00e9sente une s\u00e9lection des publications scientifiques associ\u00e9es aux projets men\u00e9s au sein de l\u2019IMREDD. Elle rassemble des articles issus de revues, conf\u00e9rences et rapports de recherche, avec un acc\u00e8s direct aux publications d\u2019origine et, lorsque cela est possible, aux fichiers en libre t\u00e9l\u00e9chargement. Les [&hellip;]<\/p>\n","protected":false},"author":2,"featured_media":0,"parent":55,"menu_order":0,"comment_status":"closed","ping_status":"closed","template":"","meta":{"footnotes":""},"class_list":["post-26659","page","type-page","status-publish","hentry","has-post-title","has-post-date","has-post-category","has-post-tag","has-post-comment","has-post-author",""],"yoast_head":"<!-- This site is optimized with the Yoast SEO Premium plugin v27.4 (Yoast SEO v27.4) - https:\/\/yoast.com\/product\/yoast-seo-premium-wordpress\/ -->\n<title>Production scientifique - IMREDD - Universit\u00e9 C\u00f4te d&#039;Azur<\/title>\n<meta name=\"robots\" content=\"index, follow, max-snippet:-1, max-image-preview:large, max-video-preview:-1\" \/>\n<link rel=\"canonical\" href=\"https:\/\/imredd.fr\/en\/a-propos\/scientific-production\/\" \/>\n<meta property=\"og:locale\" content=\"en_GB\" \/>\n<meta property=\"og:type\" content=\"article\" \/>\n<meta property=\"og:title\" content=\"Production scientifique\" \/>\n<meta property=\"og:description\" content=\"Production scientifique Publications scientifiques associ\u00e9es aux projets de l\u2019IMREDD Cette page pr\u00e9sente une s\u00e9lection des publications scientifiques associ\u00e9es aux projets men\u00e9s au sein de l\u2019IMREDD. Elle rassemble des articles issus de revues, conf\u00e9rences et rapports de recherche, avec un acc\u00e8s direct aux publications d\u2019origine et, lorsque cela est possible, aux fichiers en libre t\u00e9l\u00e9chargement. Les [&hellip;]\" \/>\n<meta property=\"og:url\" content=\"https:\/\/imredd.fr\/en\/a-propos\/scientific-production\/\" \/>\n<meta property=\"og:site_name\" content=\"IMREDD - Universit\u00e9 C\u00f4te d&#039;Azur\" \/>\n<meta property=\"article:publisher\" content=\"http:\/\/facebook.com\/imredd.uca\" \/>\n<meta property=\"article:modified_time\" content=\"2026-01-20T15:50:21+00:00\" \/>\n<meta property=\"og:image\" content=\"https:\/\/imredd.fr\/wp-content\/uploads\/2025\/04\/IMREDD_facade_1_blue_skyv2.jpeg\" \/>\n<meta name=\"twitter:card\" content=\"summary_large_image\" \/>\n<script type=\"application\/ld+json\" class=\"yoast-schema-graph\">{\"@context\":\"https:\\\/\\\/schema.org\",\"@graph\":[{\"@type\":\"WebPage\",\"@id\":\"https:\\\/\\\/imredd.fr\\\/a-propos\\\/production-scientifique\\\/\",\"url\":\"https:\\\/\\\/imredd.fr\\\/a-propos\\\/production-scientifique\\\/\",\"name\":\"Production scientifique - IMREDD - Universit\u00e9 C\u00f4te d&#039;Azur\",\"isPartOf\":{\"@id\":\"https:\\\/\\\/imredd.fr\\\/#website\"},\"primaryImageOfPage\":{\"@id\":\"https:\\\/\\\/imredd.fr\\\/a-propos\\\/production-scientifique\\\/#primaryimage\"},\"image\":{\"@id\":\"https:\\\/\\\/imredd.fr\\\/a-propos\\\/production-scientifique\\\/#primaryimage\"},\"thumbnailUrl\":\"https:\\\/\\\/imredd.fr\\\/wp-content\\\/uploads\\\/2025\\\/04\\\/IMREDD_facade_1_blue_skyv2.jpeg\",\"datePublished\":\"2026-01-12T16:08:11+00:00\",\"dateModified\":\"2026-01-20T15:50:21+00:00\",\"breadcrumb\":{\"@id\":\"https:\\\/\\\/imredd.fr\\\/a-propos\\\/production-scientifique\\\/#breadcrumb\"},\"inLanguage\":\"en-GB\",\"potentialAction\":[{\"@type\":\"ReadAction\",\"target\":[\"https:\\\/\\\/imredd.fr\\\/a-propos\\\/production-scientifique\\\/\"]}]},{\"@type\":\"ImageObject\",\"inLanguage\":\"en-GB\",\"@id\":\"https:\\\/\\\/imredd.fr\\\/a-propos\\\/production-scientifique\\\/#primaryimage\",\"url\":\"https:\\\/\\\/imredd.fr\\\/wp-content\\\/uploads\\\/2025\\\/04\\\/IMREDD_facade_1_blue_skyv2.jpeg\",\"contentUrl\":\"https:\\\/\\\/imredd.fr\\\/wp-content\\\/uploads\\\/2025\\\/04\\\/IMREDD_facade_1_blue_skyv2.jpeg\"},{\"@type\":\"BreadcrumbList\",\"@id\":\"https:\\\/\\\/imredd.fr\\\/a-propos\\\/production-scientifique\\\/#breadcrumb\",\"itemListElement\":[{\"@type\":\"ListItem\",\"position\":1,\"name\":\"Accueil\",\"item\":\"https:\\\/\\\/imredd.fr\\\/\"},{\"@type\":\"ListItem\",\"position\":2,\"name\":\"\u00c0 propos de l&rsquo;IMREDD\",\"item\":\"https:\\\/\\\/imredd.fr\\\/a-propos\\\/\"},{\"@type\":\"ListItem\",\"position\":3,\"name\":\"Production scientifique\"}]},{\"@type\":\"WebSite\",\"@id\":\"https:\\\/\\\/imredd.fr\\\/#website\",\"url\":\"https:\\\/\\\/imredd.fr\\\/\",\"name\":\"IMREDD - Universit\u00e9 C\u00f4te d'Azur\",\"description\":\"Institut M\u00e9diterran\u00e9en du Risque, de l&#039;Environnement et du D\u00e9veloppement Durable\",\"publisher\":{\"@id\":\"https:\\\/\\\/imredd.fr\\\/#organization\"},\"potentialAction\":[{\"@type\":\"SearchAction\",\"target\":{\"@type\":\"EntryPoint\",\"urlTemplate\":\"https:\\\/\\\/imredd.fr\\\/?s={search_term_string}\"},\"query-input\":{\"@type\":\"PropertyValueSpecification\",\"valueRequired\":true,\"valueName\":\"search_term_string\"}}],\"inLanguage\":\"en-GB\"},{\"@type\":\"Organization\",\"@id\":\"https:\\\/\\\/imredd.fr\\\/#organization\",\"name\":\"IMREDD - Institut M\u00e9diterran\u00e9en du Risque, de l'Environnement et du D\u00e9veloppement Durable\",\"url\":\"https:\\\/\\\/imredd.fr\\\/\",\"logo\":{\"@type\":\"ImageObject\",\"inLanguage\":\"en-GB\",\"@id\":\"https:\\\/\\\/imredd.fr\\\/#\\\/schema\\\/logo\\\/image\\\/\",\"url\":\"https:\\\/\\\/imredd.fr\\\/wp-content\\\/uploads\\\/2025\\\/07\\\/IMREDD-Logo-couleurs-transparent.png\",\"contentUrl\":\"https:\\\/\\\/imredd.fr\\\/wp-content\\\/uploads\\\/2025\\\/07\\\/IMREDD-Logo-couleurs-transparent.png\",\"width\":959,\"height\":164,\"caption\":\"IMREDD - Institut M\u00e9diterran\u00e9en du Risque, de l'Environnement et du D\u00e9veloppement Durable\"},\"image\":{\"@id\":\"https:\\\/\\\/imredd.fr\\\/#\\\/schema\\\/logo\\\/image\\\/\"},\"sameAs\":[\"http:\\\/\\\/facebook.com\\\/imredd.uca\",\"http:\\\/\\\/linkedin.com\\\/showcase\\\/imredd\"]}]}<\/script>\n<!-- \/ Yoast SEO Premium plugin. -->","yoast_head_json":{"title":"Scientific Production - IMREDD - Universit\u00e9 C\u00f4te d'Azur","robots":{"index":"index","follow":"follow","max-snippet":"max-snippet:-1","max-image-preview":"max-image-preview:large","max-video-preview":"max-video-preview:-1"},"canonical":"https:\/\/imredd.fr\/en\/a-propos\/scientific-production\/","og_locale":"en_GB","og_type":"article","og_title":"Production scientifique","og_description":"Production scientifique Publications scientifiques associ\u00e9es aux projets de l\u2019IMREDD Cette page pr\u00e9sente une s\u00e9lection des publications scientifiques associ\u00e9es aux projets men\u00e9s au sein de l\u2019IMREDD. Elle rassemble des articles issus de revues, conf\u00e9rences et rapports de recherche, avec un acc\u00e8s direct aux publications d\u2019origine et, lorsque cela est possible, aux fichiers en libre t\u00e9l\u00e9chargement. Les [&hellip;]","og_url":"https:\/\/imredd.fr\/en\/a-propos\/scientific-production\/","og_site_name":"IMREDD - Universit\u00e9 C\u00f4te d&#039;Azur","article_publisher":"http:\/\/facebook.com\/imredd.uca","article_modified_time":"2026-01-20T15:50:21+00:00","og_image":[{"url":"https:\/\/imredd.fr\/wp-content\/uploads\/2025\/04\/IMREDD_facade_1_blue_skyv2.jpeg","type":"","width":"","height":""}],"twitter_card":"summary_large_image","schema":{"@context":"https:\/\/schema.org","@graph":[{"@type":"WebPage","@id":"https:\/\/imredd.fr\/a-propos\/production-scientifique\/","url":"https:\/\/imredd.fr\/a-propos\/production-scientifique\/","name":"Scientific Production - IMREDD - Universit\u00e9 C\u00f4te d'Azur","isPartOf":{"@id":"https:\/\/imredd.fr\/#website"},"primaryImageOfPage":{"@id":"https:\/\/imredd.fr\/a-propos\/production-scientifique\/#primaryimage"},"image":{"@id":"https:\/\/imredd.fr\/a-propos\/production-scientifique\/#primaryimage"},"thumbnailUrl":"https:\/\/imredd.fr\/wp-content\/uploads\/2025\/04\/IMREDD_facade_1_blue_skyv2.jpeg","datePublished":"2026-01-12T16:08:11+00:00","dateModified":"2026-01-20T15:50:21+00:00","breadcrumb":{"@id":"https:\/\/imredd.fr\/a-propos\/production-scientifique\/#breadcrumb"},"inLanguage":"en-GB","potentialAction":[{"@type":"ReadAction","target":["https:\/\/imredd.fr\/a-propos\/production-scientifique\/"]}]},{"@type":"ImageObject","inLanguage":"en-GB","@id":"https:\/\/imredd.fr\/a-propos\/production-scientifique\/#primaryimage","url":"https:\/\/imredd.fr\/wp-content\/uploads\/2025\/04\/IMREDD_facade_1_blue_skyv2.jpeg","contentUrl":"https:\/\/imredd.fr\/wp-content\/uploads\/2025\/04\/IMREDD_facade_1_blue_skyv2.jpeg"},{"@type":"BreadcrumbList","@id":"https:\/\/imredd.fr\/a-propos\/production-scientifique\/#breadcrumb","itemListElement":[{"@type":"ListItem","position":1,"name":"Accueil","item":"https:\/\/imredd.fr\/"},{"@type":"ListItem","position":2,"name":"\u00c0 propos de l&rsquo;IMREDD","item":"https:\/\/imredd.fr\/a-propos\/"},{"@type":"ListItem","position":3,"name":"Production scientifique"}]},{"@type":"WebSite","@id":"https:\/\/imredd.fr\/#website","url":"https:\/\/imredd.fr\/","name":"IMREDD - C\u00f4te d'Azur University","description":"Mediterranean Institute for Risk, Environment and Sustainable Development","publisher":{"@id":"https:\/\/imredd.fr\/#organization"},"potentialAction":[{"@type":"SearchAction","target":{"@type":"EntryPoint","urlTemplate":"https:\/\/imredd.fr\/?s={search_term_string}"},"query-input":{"@type":"PropertyValueSpecification","valueRequired":true,"valueName":"search_term_string"}}],"inLanguage":"en-GB"},{"@type":"Organization","@id":"https:\/\/imredd.fr\/#organization","name":"IMREDD - Mediterranean Institute for Risk, Environment and Sustainable Development","url":"https:\/\/imredd.fr\/","logo":{"@type":"ImageObject","inLanguage":"en-GB","@id":"https:\/\/imredd.fr\/#\/schema\/logo\/image\/","url":"https:\/\/imredd.fr\/wp-content\/uploads\/2025\/07\/IMREDD-Logo-couleurs-transparent.png","contentUrl":"https:\/\/imredd.fr\/wp-content\/uploads\/2025\/07\/IMREDD-Logo-couleurs-transparent.png","width":959,"height":164,"caption":"IMREDD - Institut M\u00e9diterran\u00e9en du Risque, de l'Environnement et du D\u00e9veloppement Durable"},"image":{"@id":"https:\/\/imredd.fr\/#\/schema\/logo\/image\/"},"sameAs":["http:\/\/facebook.com\/imredd.uca","http:\/\/linkedin.com\/showcase\/imredd"]}]}},"_links":{"self":[{"href":"https:\/\/imredd.fr\/en\/wp-json\/wp\/v2\/pages\/26659","targetHints":{"allow":["GET"]}}],"collection":[{"href":"https:\/\/imredd.fr\/en\/wp-json\/wp\/v2\/pages"}],"about":[{"href":"https:\/\/imredd.fr\/en\/wp-json\/wp\/v2\/types\/page"}],"author":[{"embeddable":true,"href":"https:\/\/imredd.fr\/en\/wp-json\/wp\/v2\/users\/2"}],"replies":[{"embeddable":true,"href":"https:\/\/imredd.fr\/en\/wp-json\/wp\/v2\/comments?post=26659"}],"version-history":[{"count":0,"href":"https:\/\/imredd.fr\/en\/wp-json\/wp\/v2\/pages\/26659\/revisions"}],"up":[{"embeddable":true,"href":"https:\/\/imredd.fr\/en\/wp-json\/wp\/v2\/pages\/55"}],"wp:attachment":[{"href":"https:\/\/imredd.fr\/en\/wp-json\/wp\/v2\/media?parent=26659"}],"curies":[{"name":"wp","href":"https:\/\/api.w.org\/{rel}","templated":true}]}}