{"id":26910,"date":"2026-02-17T11:19:07","date_gmt":"2026-02-17T10:19:07","guid":{"rendered":"https:\/\/imredd.fr\/soutien-a-linnovation\/"},"modified":"2026-02-25T18:25:41","modified_gmt":"2026-02-25T17:25:41","slug":"support-offers","status":"publish","type":"page","link":"https:\/\/imredd.fr\/en\/offres-daccompagnement\/","title":{"rendered":"Support offers"},"content":{"rendered":"<!--themify_builder_content-->\n<div id=\"themify_builder_content-26910\" data-postid=\"26910\" class=\"themify_builder_content themify_builder_content-26910 themify_builder tf_clear\">\n                    <div  data-lazy=\"1\" class=\"module_row themify_builder_row tb_nyuo048 tb_first tf_w\">\n            <span  class=\"builder_row_cover tf_abs\" data-lazy=\"1\"><\/span>            <div class=\"row_inner col_align_top tb_col_count_1 tf_box tf_rel\">\n                        <div  data-lazy=\"1\" class=\"module_column tb-column col-full tb_rze8889 first\">\n                    <!-- module text -->\n<div  class=\"module module-text tb_1n64998\" data-lazy=\"1\">\n        <div  class=\"tb_text_wrap\">\n        <h1>Support offers<\/h1>    <\/div>\n<\/div>\n<!-- \/module text -->        <\/div>\n                        <\/div>\n        <\/div>\n                        <div  data-lazy=\"1\" class=\"module_row themify_builder_row tb_icx6599 tf_w\">\n                        <div class=\"row_inner col_align_top tb_col_count_1 tf_box tf_rel\">\n                        <div  data-lazy=\"1\" class=\"module_column tb-column col-full tb_5wz7690 first\">\n                    <!-- Breadcrumbs module -->\n<div  class=\"module module-breadcrumbs tb_vyl7097\" data-lazy=\"1\">\n\t<nav role=\"navigation\" aria-label=\"Breadcrumbs\" class=\"tbp_breadcrumb_trail\"><ul class=\"tbp_trail_items\" itemscope itemtype=\"http:\/\/schema.org\/BreadcrumbList\"><meta name=\"numberOfItems\" content=\"1\" \/><meta name=\"itemListOrder\" content=\"Ascending\" \/><li itemprop=\"itemListElement\" itemscope itemtype=\"https:\/\/schema.org\/ListItem\" class=\"tbp_trail_item tbp_trail_end\"><a itemprop=\"item\" href=\"https:\/\/imredd.fr\/en\/\" rel=\"home\"><span itemprop=\"name\">Home<\/span><\/a><meta itemprop=\"position\" content=\"1\" \/><\/li><\/ul><\/nav><\/div><!-- \/Breadcrumbs module -->\n        <\/div>\n                        <\/div>\n        <\/div>\n                        <div  data-lazy=\"1\" class=\"module_row themify_builder_row tb_k1jx909 tf_w\">\n            <span  class=\"builder_row_cover tf_abs\" data-lazy=\"1\"><\/span>            <div class=\"row_inner col_align_top tb_col_count_1 tf_box tf_rel\">\n                        <div  data-lazy=\"1\" class=\"module_column tb-column col-full tb_drr9892 first\">\n                            <div  data-lazy=\"1\" class=\"module_subrow themify_builder_sub_row tf_w col_align_top tb_col_count_1 tb_7tk5899\">\n                <div  data-lazy=\"1\" class=\"module_column sub_column col-full tb_dkz1899 first\">\n                    <!-- module text -->\n<div  class=\"module module-text tb_h0je101 title_line\" data-lazy=\"1\">\n        <div  class=\"tb_text_wrap\">\n        <h2>Supporting your research and innovation projects for sustainable territories<\/h2>    <\/div>\n<\/div>\n<!-- \/module text -->        <\/div>\n                    <\/div>\n                <div  data-lazy=\"1\" class=\"module_subrow themify_builder_sub_row tf_w col_align_top tb_col_count_2 tb_mt4b383\">\n                <div  data-lazy=\"1\" class=\"module_column sub_column col4-2 tb_4te8399 first\">\n                    <!-- module text -->\n<div  class=\"module module-text tb_9xd3498\" data-lazy=\"1\">\n        <div  class=\"tb_text_wrap\">\n        <p>As a C\u00f4te d'Azur University Institute, IMREDD initiates, supports, coordinates or is a partner in innovation, research and training projects. These projects can take different forms: <span class=\"highlight\">responding to calls for projects, setting up research collaboration contracts, services, partnership chairs, training, etc.<\/span> Interdisciplinarity is at the heart of its concerns and innovative projects.<\/p>\n<p>With the support of its engineering, training and communication and promotion teams, IMREDD is at your side to create a multi-faceted dynamic between socio-economic and academic partners.<\/p>    <\/div>\n<\/div>\n<!-- \/module text --><!-- module buttons -->\n<div  class=\"module module-buttons tb_qoqg122 buttons-horizontal solid  small\" data-lazy=\"1\">\n        <div class=\"module-buttons-item tf_in_flx\">\n                        <a href=\"\/en\/projets\/\" class=\"ui builder_button tf_in_flx tb_default_color\" >\n                                                See projects and chairs                                        <\/a>\n                <\/div>\n                    <div class=\"module-buttons-item tf_in_flx\">\n                        <a href=\"\/en\/practical-information\/#contact\" class=\"ui builder_button tf_in_flx tb_default_color\" >\n                                                Contact us                                        <\/a>\n                <\/div>\n            <\/div>\n<!-- \/module buttons -->\n        <\/div>\n                    <div  data-lazy=\"1\" class=\"module_column sub_column col4-2 tb_xdq8890 last\">\n                    <!-- module image pro -->\n<div  class=\"module module-pro-image tb_i1fj968 filter- effect-   tf_textc   entrance-effect-fadeIn\" data-lazy=\"1\" data-entrance-effect=\"fadeIn\" data-exit-effect=\"fadeOut\" >\n\t\n    <div class=\"image-pro-wrap tf_rel tf_overflow tf_inline_b\">\n\t\t\t\t<div class=\"image-pro-flip-box-wrap tf_rel tf_w tf_overflow\">\n\t\t\t<div class=\"image-pro-flip-box tf_rel\">\n\n\t\t\t\t<img loading=\"lazy\" decoding=\"async\" width=\"1200\" height=\"800\" src=\"https:\/\/imredd.fr\/wp-content\/uploads\/2026\/02\/AdobeStock_619105017.png\" class=\"wp-post-image wp-image-26983\" title=\"Image illustrative data analyst\" alt=\"Image illustrative data analyst\" srcset=\"https:\/\/imredd.fr\/wp-content\/uploads\/2026\/02\/AdobeStock_619105017.png 1200w, https:\/\/imredd.fr\/wp-content\/uploads\/2026\/02\/AdobeStock_619105017-300x200.png 300w, https:\/\/imredd.fr\/wp-content\/uploads\/2026\/02\/AdobeStock_619105017-1024x683.png 1024w, https:\/\/imredd.fr\/wp-content\/uploads\/2026\/02\/AdobeStock_619105017-768x512.png 768w, https:\/\/imredd.fr\/wp-content\/uploads\/2026\/02\/AdobeStock_619105017-18x12.png 18w\" sizes=\"auto, (max-width: 1200px) 100vw, 1200px\" \/>\n\t\t\t\t\n\t\t\t<\/div>\n\t\t<\/div>\n\n    <\/div><!-- .image-pro-wrap -->\n\n\t\n\t\n\t<\/div><!-- \/module image pro -->        <\/div>\n                    <\/div>\n                <div  data-lazy=\"1\" class=\"module_subrow themify_builder_sub_row tf_w col_align_top tb_col_count_2 tb_kwud449\">\n                <div  data-lazy=\"1\" class=\"module_column sub_column col4-2 tb_53ba449 first\">\n                    <!-- module image pro -->\n<div  class=\"module module-pro-image tb_vco4449 filter- effect-   tf_textc   entrance-effect-fadeIn\" data-lazy=\"1\" data-entrance-effect=\"fadeIn\" data-exit-effect=\"fadeOut\" >\n\t\n    <div class=\"image-pro-wrap tf_rel tf_overflow tf_inline_b\">\n\t\t\t\t<div class=\"image-pro-flip-box-wrap tf_rel tf_w tf_overflow\">\n\t\t\t<div class=\"image-pro-flip-box tf_rel\">\n\n\t\t\t\t<img loading=\"lazy\" decoding=\"async\" width=\"960\" height=\"720\" src=\"https:\/\/imredd.fr\/wp-content\/uploads\/2025\/11\/PFT_2023_4x3.jpg\" class=\"wp-post-image wp-image-25657\" title=\"PFT_2023_4x3\" alt=\"PFT_2023_4x3\" srcset=\"https:\/\/imredd.fr\/wp-content\/uploads\/2025\/11\/PFT_2023_4x3.jpg 960w, https:\/\/imredd.fr\/wp-content\/uploads\/2025\/11\/PFT_2023_4x3-300x225.jpg 300w, https:\/\/imredd.fr\/wp-content\/uploads\/2025\/11\/PFT_2023_4x3-768x576.jpg 768w, https:\/\/imredd.fr\/wp-content\/uploads\/2025\/11\/PFT_2023_4x3-16x12.jpg 16w\" sizes=\"auto, (max-width: 960px) 100vw, 960px\" \/>\n\t\t\t\t\n\t\t\t<\/div>\n\t\t<\/div>\n\n    <\/div><!-- .image-pro-wrap -->\n\n\t\n\t\n\t<\/div><!-- \/module image pro --><!-- module text -->\n<div  class=\"module module-text tb_cgbt495\" data-lazy=\"1\">\n        <div  class=\"tb_text_wrap\">\n        <p style=\"text-align: right;\">The Smart City Innovation Center, a hub for collaborative innovation<\/p>    <\/div>\n<\/div>\n<!-- \/module text -->        <\/div>\n                    <div  data-lazy=\"1\" class=\"module_column sub_column col4-2 tb_m7qg449 last\">\n                    <!-- module text -->\n<div  class=\"module module-text tb_vff5698 title_line\" data-lazy=\"1\">\n        <div  class=\"tb_text_wrap\">\n        <h2>Our services<\/h2>    <\/div>\n<\/div>\n<!-- \/module text --><!-- module text -->\n<div  class=\"module module-text tb_wqd3483\" data-lazy=\"1\">\n        <div  class=\"tb_text_wrap\">\n        <p>Thanks to its technological environment, IMREDD offers a <span class=\"highlight\">full support for R&amp;D projects,<\/span> from prototype to demonstration in real-life conditions.<\/p>\n<p>With its technology platform, 3D Centre and demonstrator building, IMREDD is the place to design, test and promote technological solutions that meet the major challenges facing local and regional authorities and communities: energy, mobility, connected buildings, data and the environment.<\/p>    <\/div>\n<\/div>\n<!-- \/module text --><!-- module buttons -->\n<div  class=\"module module-buttons tb_95cr710 buttons-horizontal solid  small\" data-lazy=\"1\">\n        <div class=\"module-buttons-item tf_in_flx\">\n                        <a href=\"\/en\/offer-of-services\/\" class=\"ui builder_button tf_in_flx tb_default_color\" >\n                                                Discover our services                                        <\/a>\n                <\/div>\n            <\/div>\n<!-- \/module buttons -->\n        <\/div>\n                    <\/div>\n                <\/div>\n                        <\/div>\n        <\/div>\n        <\/div>\n<!--\/themify_builder_content-->","protected":false},"excerpt":{"rendered":"<p>Offres d&rsquo;accompagnement Accompagner vos projets de recherche et d&rsquo;innovation au service des territoires durables En tant qu\u2019Institut d\u2019Universit\u00e9 C\u00f4te d\u2019Azur, l\u2019IMREDD impulse, accompagne, coordonne ou est partenaire de projets d\u2019innovation, de recherche et de formation. Ces projets peuvent prendre diff\u00e9rentes formes : r\u00e9ponse \u00e0 appel \u00e0 projets, mise en place de contrats de collaborations de [&hellip;]<\/p>\n","protected":false},"author":2,"featured_media":0,"parent":0,"menu_order":0,"comment_status":"closed","ping_status":"closed","template":"","meta":{"footnotes":""},"class_list":["post-26910","page","type-page","status-publish","hentry","has-post-title","has-post-date","has-post-category","has-post-tag","has-post-comment","has-post-author",""],"yoast_head":"<!-- This site is optimized with the Yoast SEO Premium plugin v27.4 (Yoast SEO v27.4) - https:\/\/yoast.com\/product\/yoast-seo-premium-wordpress\/ -->\n<title>Offres d&#039;accompagnement - IMREDD - Universit\u00e9 C\u00f4te d&#039;Azur<\/title>\n<meta name=\"robots\" content=\"index, follow, max-snippet:-1, max-image-preview:large, max-video-preview:-1\" \/>\n<link rel=\"canonical\" href=\"https:\/\/imredd.fr\/en\/support-offers\/\" \/>\n<meta property=\"og:locale\" content=\"en_GB\" \/>\n<meta property=\"og:type\" content=\"article\" \/>\n<meta property=\"og:title\" content=\"Offres d&#039;accompagnement\" \/>\n<meta property=\"og:description\" content=\"Offres d&rsquo;accompagnement Accompagner vos projets de recherche et d&rsquo;innovation au service des territoires durables En tant qu\u2019Institut d\u2019Universit\u00e9 C\u00f4te d\u2019Azur, l\u2019IMREDD impulse, accompagne, coordonne ou est partenaire de projets d\u2019innovation, de recherche et de formation. Ces projets peuvent prendre diff\u00e9rentes formes : r\u00e9ponse \u00e0 appel \u00e0 projets, mise en place de contrats de collaborations de [&hellip;]\" \/>\n<meta property=\"og:url\" content=\"https:\/\/imredd.fr\/en\/support-offers\/\" \/>\n<meta property=\"og:site_name\" content=\"IMREDD - Universit\u00e9 C\u00f4te d&#039;Azur\" \/>\n<meta property=\"article:publisher\" content=\"http:\/\/facebook.com\/imredd.uca\" \/>\n<meta property=\"article:modified_time\" content=\"2026-02-25T17:25:41+00:00\" \/>\n<meta property=\"og:image\" content=\"https:\/\/imredd.fr\/wp-content\/uploads\/2026\/02\/AdobeStock_619105017.png\" \/>\n<meta name=\"twitter:card\" content=\"summary_large_image\" \/>\n<meta name=\"twitter:label1\" content=\"Estimated reading time\" \/>\n\t<meta name=\"twitter:data1\" content=\"2 minutes\" \/>\n<script type=\"application\/ld+json\" class=\"yoast-schema-graph\">{\"@context\":\"https:\\\/\\\/schema.org\",\"@graph\":[{\"@type\":\"WebPage\",\"@id\":\"https:\\\/\\\/imredd.fr\\\/en\\\/support-offers\\\/\",\"url\":\"https:\\\/\\\/imredd.fr\\\/en\\\/support-offers\\\/\",\"name\":\"Offres d'accompagnement - IMREDD - Universit\u00e9 C\u00f4te d&#039;Azur\",\"isPartOf\":{\"@id\":\"https:\\\/\\\/imredd.fr\\\/#website\"},\"primaryImageOfPage\":{\"@id\":\"https:\\\/\\\/imredd.fr\\\/en\\\/support-offers\\\/#primaryimage\"},\"image\":{\"@id\":\"https:\\\/\\\/imredd.fr\\\/en\\\/support-offers\\\/#primaryimage\"},\"thumbnailUrl\":\"https:\\\/\\\/imredd.fr\\\/wp-content\\\/uploads\\\/2026\\\/02\\\/AdobeStock_619105017.png\",\"datePublished\":\"2026-02-17T10:19:07+00:00\",\"dateModified\":\"2026-02-25T17:25:41+00:00\",\"breadcrumb\":{\"@id\":\"https:\\\/\\\/imredd.fr\\\/en\\\/support-offers\\\/#breadcrumb\"},\"inLanguage\":\"en-GB\",\"potentialAction\":[{\"@type\":\"ReadAction\",\"target\":[\"https:\\\/\\\/imredd.fr\\\/en\\\/support-offers\\\/\"]}]},{\"@type\":\"ImageObject\",\"inLanguage\":\"en-GB\",\"@id\":\"https:\\\/\\\/imredd.fr\\\/en\\\/support-offers\\\/#primaryimage\",\"url\":\"https:\\\/\\\/imredd.fr\\\/wp-content\\\/uploads\\\/2026\\\/02\\\/AdobeStock_619105017.png\",\"contentUrl\":\"https:\\\/\\\/imredd.fr\\\/wp-content\\\/uploads\\\/2026\\\/02\\\/AdobeStock_619105017.png\"},{\"@type\":\"BreadcrumbList\",\"@id\":\"https:\\\/\\\/imredd.fr\\\/en\\\/support-offers\\\/#breadcrumb\",\"itemListElement\":[{\"@type\":\"ListItem\",\"position\":1,\"name\":\"Accueil\",\"item\":\"https:\\\/\\\/imredd.fr\\\/\"},{\"@type\":\"ListItem\",\"position\":2,\"name\":\"Offres d&rsquo;accompagnement\"}]},{\"@type\":\"WebSite\",\"@id\":\"https:\\\/\\\/imredd.fr\\\/#website\",\"url\":\"https:\\\/\\\/imredd.fr\\\/\",\"name\":\"IMREDD - Universit\u00e9 C\u00f4te d'Azur\",\"description\":\"Institut M\u00e9diterran\u00e9en du Risque, de l&#039;Environnement et du D\u00e9veloppement Durable\",\"publisher\":{\"@id\":\"https:\\\/\\\/imredd.fr\\\/#organization\"},\"potentialAction\":[{\"@type\":\"SearchAction\",\"target\":{\"@type\":\"EntryPoint\",\"urlTemplate\":\"https:\\\/\\\/imredd.fr\\\/?s={search_term_string}\"},\"query-input\":{\"@type\":\"PropertyValueSpecification\",\"valueRequired\":true,\"valueName\":\"search_term_string\"}}],\"inLanguage\":\"en-GB\"},{\"@type\":\"Organization\",\"@id\":\"https:\\\/\\\/imredd.fr\\\/#organization\",\"name\":\"IMREDD - Institut M\u00e9diterran\u00e9en du Risque, de l'Environnement et du D\u00e9veloppement Durable\",\"url\":\"https:\\\/\\\/imredd.fr\\\/\",\"logo\":{\"@type\":\"ImageObject\",\"inLanguage\":\"en-GB\",\"@id\":\"https:\\\/\\\/imredd.fr\\\/#\\\/schema\\\/logo\\\/image\\\/\",\"url\":\"https:\\\/\\\/imredd.fr\\\/wp-content\\\/uploads\\\/2025\\\/07\\\/IMREDD-Logo-couleurs-transparent.png\",\"contentUrl\":\"https:\\\/\\\/imredd.fr\\\/wp-content\\\/uploads\\\/2025\\\/07\\\/IMREDD-Logo-couleurs-transparent.png\",\"width\":959,\"height\":164,\"caption\":\"IMREDD - Institut M\u00e9diterran\u00e9en du Risque, de l'Environnement et du D\u00e9veloppement Durable\"},\"image\":{\"@id\":\"https:\\\/\\\/imredd.fr\\\/#\\\/schema\\\/logo\\\/image\\\/\"},\"sameAs\":[\"http:\\\/\\\/facebook.com\\\/imredd.uca\",\"http:\\\/\\\/linkedin.com\\\/showcase\\\/imredd\"]}]}<\/script>\n<!-- \/ Yoast SEO Premium plugin. -->","yoast_head_json":{"title":"Support Offers - IMREDD - Universit\u00e9 C\u00f4te d'Azur","robots":{"index":"index","follow":"follow","max-snippet":"max-snippet:-1","max-image-preview":"max-image-preview:large","max-video-preview":"max-video-preview:-1"},"canonical":"https:\/\/imredd.fr\/en\/support-offers\/","og_locale":"en_GB","og_type":"article","og_title":"Offres d'accompagnement","og_description":"Offres d&rsquo;accompagnement Accompagner vos projets de recherche et d&rsquo;innovation au service des territoires durables En tant qu\u2019Institut d\u2019Universit\u00e9 C\u00f4te d\u2019Azur, l\u2019IMREDD impulse, accompagne, coordonne ou est partenaire de projets d\u2019innovation, de recherche et de formation. Ces projets peuvent prendre diff\u00e9rentes formes : r\u00e9ponse \u00e0 appel \u00e0 projets, mise en place de contrats de collaborations de [&hellip;]","og_url":"https:\/\/imredd.fr\/en\/support-offers\/","og_site_name":"IMREDD - Universit\u00e9 C\u00f4te d&#039;Azur","article_publisher":"http:\/\/facebook.com\/imredd.uca","article_modified_time":"2026-02-25T17:25:41+00:00","og_image":[{"url":"https:\/\/imredd.fr\/wp-content\/uploads\/2026\/02\/AdobeStock_619105017.png","type":"","width":"","height":""}],"twitter_card":"summary_large_image","twitter_misc":{"Estimated reading time":"2 minutes"},"schema":{"@context":"https:\/\/schema.org","@graph":[{"@type":"WebPage","@id":"https:\/\/imredd.fr\/en\/support-offers\/","url":"https:\/\/imredd.fr\/en\/support-offers\/","name":"Support Offers - IMREDD - Universit\u00e9 C\u00f4te d'Azur","isPartOf":{"@id":"https:\/\/imredd.fr\/#website"},"primaryImageOfPage":{"@id":"https:\/\/imredd.fr\/en\/support-offers\/#primaryimage"},"image":{"@id":"https:\/\/imredd.fr\/en\/support-offers\/#primaryimage"},"thumbnailUrl":"https:\/\/imredd.fr\/wp-content\/uploads\/2026\/02\/AdobeStock_619105017.png","datePublished":"2026-02-17T10:19:07+00:00","dateModified":"2026-02-25T17:25:41+00:00","breadcrumb":{"@id":"https:\/\/imredd.fr\/en\/support-offers\/#breadcrumb"},"inLanguage":"en-GB","potentialAction":[{"@type":"ReadAction","target":["https:\/\/imredd.fr\/en\/support-offers\/"]}]},{"@type":"ImageObject","inLanguage":"en-GB","@id":"https:\/\/imredd.fr\/en\/support-offers\/#primaryimage","url":"https:\/\/imredd.fr\/wp-content\/uploads\/2026\/02\/AdobeStock_619105017.png","contentUrl":"https:\/\/imredd.fr\/wp-content\/uploads\/2026\/02\/AdobeStock_619105017.png"},{"@type":"BreadcrumbList","@id":"https:\/\/imredd.fr\/en\/support-offers\/#breadcrumb","itemListElement":[{"@type":"ListItem","position":1,"name":"Accueil","item":"https:\/\/imredd.fr\/"},{"@type":"ListItem","position":2,"name":"Offres d&rsquo;accompagnement"}]},{"@type":"WebSite","@id":"https:\/\/imredd.fr\/#website","url":"https:\/\/imredd.fr\/","name":"IMREDD - C\u00f4te d'Azur University","description":"Mediterranean Institute for Risk, Environment and Sustainable Development","publisher":{"@id":"https:\/\/imredd.fr\/#organization"},"potentialAction":[{"@type":"SearchAction","target":{"@type":"EntryPoint","urlTemplate":"https:\/\/imredd.fr\/?s={search_term_string}"},"query-input":{"@type":"PropertyValueSpecification","valueRequired":true,"valueName":"search_term_string"}}],"inLanguage":"en-GB"},{"@type":"Organization","@id":"https:\/\/imredd.fr\/#organization","name":"IMREDD - Mediterranean Institute for Risk, Environment and Sustainable Development","url":"https:\/\/imredd.fr\/","logo":{"@type":"ImageObject","inLanguage":"en-GB","@id":"https:\/\/imredd.fr\/#\/schema\/logo\/image\/","url":"https:\/\/imredd.fr\/wp-content\/uploads\/2025\/07\/IMREDD-Logo-couleurs-transparent.png","contentUrl":"https:\/\/imredd.fr\/wp-content\/uploads\/2025\/07\/IMREDD-Logo-couleurs-transparent.png","width":959,"height":164,"caption":"IMREDD - Institut M\u00e9diterran\u00e9en du Risque, de l'Environnement et du D\u00e9veloppement Durable"},"image":{"@id":"https:\/\/imredd.fr\/#\/schema\/logo\/image\/"},"sameAs":["http:\/\/facebook.com\/imredd.uca","http:\/\/linkedin.com\/showcase\/imredd"]}]}},"_links":{"self":[{"href":"https:\/\/imredd.fr\/en\/wp-json\/wp\/v2\/pages\/26910","targetHints":{"allow":["GET"]}}],"collection":[{"href":"https:\/\/imredd.fr\/en\/wp-json\/wp\/v2\/pages"}],"about":[{"href":"https:\/\/imredd.fr\/en\/wp-json\/wp\/v2\/types\/page"}],"author":[{"embeddable":true,"href":"https:\/\/imredd.fr\/en\/wp-json\/wp\/v2\/users\/2"}],"replies":[{"embeddable":true,"href":"https:\/\/imredd.fr\/en\/wp-json\/wp\/v2\/comments?post=26910"}],"version-history":[{"count":0,"href":"https:\/\/imredd.fr\/en\/wp-json\/wp\/v2\/pages\/26910\/revisions"}],"wp:attachment":[{"href":"https:\/\/imredd.fr\/en\/wp-json\/wp\/v2\/media?parent=26910"}],"curies":[{"name":"wp","href":"https:\/\/api.w.org\/{rel}","templated":true}]}}